{"id":313,"date":"2023-11-19T16:32:49","date_gmt":"2023-11-19T16:32:49","guid":{"rendered":"https:\/\/histoire-d-un-gone.com\/?post_type=product&#038;p=313"},"modified":"2023-12-06T14:32:29","modified_gmt":"2023-12-06T14:32:29","slug":"histoire-dun-gone-version-pdf","status":"publish","type":"product","link":"https:\/\/histoire-d-un-gone.com\/?product=histoire-dun-gone-version-pdf","title":{"rendered":"Histoire d&rsquo;un gone &#8211; Version PDF"},"content":{"rendered":"<p>Nous vous proposons d&rsquo;acqu\u00e9rir le livre Histoire d&rsquo;un gone de Didier Jacquin en version PDF.<br \/>\nUn format universel qui permettra de l&rsquo;ouvrir sur tous les ordinateurs &amp; smartphone.<\/p>\n<p>Les PDF sont le format de facto pour la distribution de contenu depuis des d\u00e9cennies. En fait, 2020 marque le 30e anniversaire du format PDF. Aujourd&rsquo;hui, m\u00eame les premiers documents cr\u00e9\u00e9s en PDF sont lisibles par ACROBAT READER, le lecteur de fichier PDF ce qui d\u00e9montre la p\u00e9rennit\u00e9 du syst\u00e8me propos\u00e9.<br \/>\nPeu de cr\u00e9ations dans la sph\u00e8re num\u00e9rique en constante \u00e9volution ont dur\u00e9 aussi longtemps, mais dans le march\u00e9 actuel centr\u00e9 sur le mobile, de plus en plus d&rsquo;\u00e9diteurs se d\u00e9tournent des PDF pour enrichir l&rsquo;exp\u00e9rience de leur public mobile.<\/p>\n<p>Les PDF sont souvent redistribuables et conservent la mise en page originale du document, mais ils n&rsquo;ont pas la m\u00eame flexibilit\u00e9 que les fichiers ePub ou MOBI pour s&rsquo;adapter \u00e0 diff\u00e9rents \u00e9crans.<\/p>\n<p>Si cela est n\u00e9cessaire, vous pouvez, par exemple, t\u00e9l\u00e9charger gratuitement le lecteur \u00ab\u00a0Acrobat Reader\u00a0\u00bb ici : https:\/\/www.adobe.com\/fr\/acrobat\/pdf-reader.html<\/p>\n","protected":false},"excerpt":{"rendered":"<p>Nous vous proposons d&rsquo;acqu\u00e9rir le livre Histoire d&rsquo;un gone de Didier Jacquin en version PDF. Un format universel qui permettra de l&rsquo;ouvrir sur tous les ordinateurs &amp; smartphone. Les PDF sont le format de facto pour la distribution de contenu depuis des d\u00e9cennies. En fait, 2020 marque le 30e anniversaire du format PDF. Aujourd&rsquo;hui, m\u00eame [&hellip;]<\/p>\n","protected":false},"featured_media":235,"template":"","meta":{"_et_pb_use_builder":"","_et_pb_old_content":"","_et_gb_content_width":""},"product_brand":[],"product_cat":[19],"product_tag":[],"class_list":{"0":"post-313","1":"product","2":"type-product","3":"status-publish","4":"has-post-thumbnail","6":"product_cat-non-classe","8":"first","9":"instock","10":"downloadable","11":"virtual","12":"purchasable","13":"product-type-simple"},"yoast_head":"<!-- This site is optimized with the Yoast SEO plugin v27.6 - https:\/\/yoast.com\/product\/yoast-seo-wordpress\/ -->\n<title>Histoire d&#039;un gone - Version PDF - Histoire d&#039;un gone<\/title>\n<meta name=\"description\" content=\"Histoire d&#039;un gone - Version PDF - Histoire d&#039;un gone\" \/>\n<meta name=\"robots\" content=\"index, follow, max-snippet:-1, max-image-preview:large, max-video-preview:-1\" \/>\n<link rel=\"canonical\" href=\"https:\/\/histoire-d-un-gone.com\/?product=histoire-dun-gone-version-pdf\" \/>\n<meta property=\"og:locale\" content=\"fr_FR\" \/>\n<meta property=\"og:type\" content=\"article\" \/>\n<meta property=\"og:title\" content=\"Histoire d&#039;un gone - Version PDF - Histoire d&#039;un gone\" \/>\n<meta property=\"og:description\" content=\"Histoire d&#039;un gone - Version PDF - Histoire d&#039;un gone\" \/>\n<meta property=\"og:url\" content=\"https:\/\/histoire-d-un-gone.com\/?product=histoire-dun-gone-version-pdf\" \/>\n<meta property=\"og:site_name\" content=\"Histoire d&#039;un gone\" \/>\n<meta property=\"article:modified_time\" content=\"2023-12-06T14:32:29+00:00\" \/>\n<meta property=\"og:image\" content=\"https:\/\/histoire-d-un-gone.com\/wp-content\/uploads\/2023\/11\/Histoire-d-un-gone-couverture-livre_pdf-web800.jpg\" \/>\n\t<meta property=\"og:image:width\" content=\"800\" \/>\n\t<meta property=\"og:image:height\" content=\"1262\" \/>\n\t<meta property=\"og:image:type\" content=\"image\/jpeg\" \/>\n<meta name=\"twitter:card\" content=\"summary_large_image\" \/>\n<meta name=\"twitter:label1\" content=\"Dur\u00e9e de lecture estim\u00e9e\" \/>\n\t<meta name=\"twitter:data1\" content=\"1 minute\" \/>\n<script type=\"application\/ld+json\" class=\"yoast-schema-graph\">{\"@context\":\"https:\\\/\\\/schema.org\",\"@graph\":[{\"@type\":\"WebPage\",\"@id\":\"https:\\\/\\\/histoire-d-un-gone.com\\\/?product=histoire-dun-gone-version-pdf\",\"url\":\"https:\\\/\\\/histoire-d-un-gone.com\\\/?product=histoire-dun-gone-version-pdf\",\"name\":\"Histoire d'un gone - Version PDF - Histoire d&#039;un gone\",\"isPartOf\":{\"@id\":\"https:\\\/\\\/histoire-d-un-gone.com\\\/#website\"},\"primaryImageOfPage\":{\"@id\":\"https:\\\/\\\/histoire-d-un-gone.com\\\/?product=histoire-dun-gone-version-pdf#primaryimage\"},\"image\":{\"@id\":\"https:\\\/\\\/histoire-d-un-gone.com\\\/?product=histoire-dun-gone-version-pdf#primaryimage\"},\"thumbnailUrl\":\"https:\\\/\\\/i0.wp.com\\\/histoire-d-un-gone.com\\\/wp-content\\\/uploads\\\/2023\\\/11\\\/Histoire-d-un-gone-couverture-livre_pdf-web800.jpg?fit=800%2C1262&ssl=1\",\"datePublished\":\"2023-11-19T16:32:49+00:00\",\"dateModified\":\"2023-12-06T14:32:29+00:00\",\"description\":\"Histoire d'un gone - Version PDF - Histoire d&#039;un gone\",\"breadcrumb\":{\"@id\":\"https:\\\/\\\/histoire-d-un-gone.com\\\/?product=histoire-dun-gone-version-pdf#breadcrumb\"},\"inLanguage\":\"fr-FR\",\"potentialAction\":[{\"@type\":\"ReadAction\",\"target\":[\"https:\\\/\\\/histoire-d-un-gone.com\\\/?product=histoire-dun-gone-version-pdf\"]}]},{\"@type\":\"ImageObject\",\"inLanguage\":\"fr-FR\",\"@id\":\"https:\\\/\\\/histoire-d-un-gone.com\\\/?product=histoire-dun-gone-version-pdf#primaryimage\",\"url\":\"https:\\\/\\\/i0.wp.com\\\/histoire-d-un-gone.com\\\/wp-content\\\/uploads\\\/2023\\\/11\\\/Histoire-d-un-gone-couverture-livre_pdf-web800.jpg?fit=800%2C1262&ssl=1\",\"contentUrl\":\"https:\\\/\\\/i0.wp.com\\\/histoire-d-un-gone.com\\\/wp-content\\\/uploads\\\/2023\\\/11\\\/Histoire-d-un-gone-couverture-livre_pdf-web800.jpg?fit=800%2C1262&ssl=1\",\"width\":800,\"height\":1262,\"caption\":\"Livre Histoire d'un Gone de Ren\u00e9 et Didier Jacquin en version PDF\"},{\"@type\":\"BreadcrumbList\",\"@id\":\"https:\\\/\\\/histoire-d-un-gone.com\\\/?product=histoire-dun-gone-version-pdf#breadcrumb\",\"itemListElement\":[{\"@type\":\"ListItem\",\"position\":1,\"name\":\"Accueil\",\"item\":\"https:\\\/\\\/histoire-d-un-gone.com\\\/\"},{\"@type\":\"ListItem\",\"position\":2,\"name\":\"Boutique\",\"item\":\"https:\\\/\\\/histoire-d-un-gone.com\\\/?page_id=148\"},{\"@type\":\"ListItem\",\"position\":3,\"name\":\"Histoire d&#8217;un gone &#8211; Version PDF\"}]},{\"@type\":\"WebSite\",\"@id\":\"https:\\\/\\\/histoire-d-un-gone.com\\\/#website\",\"url\":\"https:\\\/\\\/histoire-d-un-gone.com\\\/\",\"name\":\"Histoire d&#039;un gone\",\"description\":\"Ils sont partis pour nous, la libert\u00e9 et la France\",\"potentialAction\":[{\"@type\":\"SearchAction\",\"target\":{\"@type\":\"EntryPoint\",\"urlTemplate\":\"https:\\\/\\\/histoire-d-un-gone.com\\\/?s={search_term_string}\"},\"query-input\":{\"@type\":\"PropertyValueSpecification\",\"valueRequired\":true,\"valueName\":\"search_term_string\"}}],\"inLanguage\":\"fr-FR\"}]}<\/script>\n<!-- \/ Yoast SEO plugin. -->","yoast_head_json":{"title":"Histoire d'un gone - Version PDF - Histoire d&#039;un gone","description":"Histoire d'un gone - Version PDF - Histoire d&#039;un gone","robots":{"index":"index","follow":"follow","max-snippet":"max-snippet:-1","max-image-preview":"max-image-preview:large","max-video-preview":"max-video-preview:-1"},"canonical":"https:\/\/histoire-d-un-gone.com\/?product=histoire-dun-gone-version-pdf","og_locale":"fr_FR","og_type":"article","og_title":"Histoire d'un gone - Version PDF - Histoire d&#039;un gone","og_description":"Histoire d'un gone - Version PDF - Histoire d&#039;un gone","og_url":"https:\/\/histoire-d-un-gone.com\/?product=histoire-dun-gone-version-pdf","og_site_name":"Histoire d&#039;un gone","article_modified_time":"2023-12-06T14:32:29+00:00","og_image":[{"width":800,"height":1262,"url":"https:\/\/histoire-d-un-gone.com\/wp-content\/uploads\/2023\/11\/Histoire-d-un-gone-couverture-livre_pdf-web800.jpg","type":"image\/jpeg"}],"twitter_card":"summary_large_image","twitter_misc":{"Dur\u00e9e de lecture estim\u00e9e":"1 minute"},"schema":{"@context":"https:\/\/schema.org","@graph":[{"@type":"WebPage","@id":"https:\/\/histoire-d-un-gone.com\/?product=histoire-dun-gone-version-pdf","url":"https:\/\/histoire-d-un-gone.com\/?product=histoire-dun-gone-version-pdf","name":"Histoire d'un gone - Version PDF - Histoire d&#039;un gone","isPartOf":{"@id":"https:\/\/histoire-d-un-gone.com\/#website"},"primaryImageOfPage":{"@id":"https:\/\/histoire-d-un-gone.com\/?product=histoire-dun-gone-version-pdf#primaryimage"},"image":{"@id":"https:\/\/histoire-d-un-gone.com\/?product=histoire-dun-gone-version-pdf#primaryimage"},"thumbnailUrl":"https:\/\/i0.wp.com\/histoire-d-un-gone.com\/wp-content\/uploads\/2023\/11\/Histoire-d-un-gone-couverture-livre_pdf-web800.jpg?fit=800%2C1262&ssl=1","datePublished":"2023-11-19T16:32:49+00:00","dateModified":"2023-12-06T14:32:29+00:00","description":"Histoire d'un gone - Version PDF - Histoire d&#039;un gone","breadcrumb":{"@id":"https:\/\/histoire-d-un-gone.com\/?product=histoire-dun-gone-version-pdf#breadcrumb"},"inLanguage":"fr-FR","potentialAction":[{"@type":"ReadAction","target":["https:\/\/histoire-d-un-gone.com\/?product=histoire-dun-gone-version-pdf"]}]},{"@type":"ImageObject","inLanguage":"fr-FR","@id":"https:\/\/histoire-d-un-gone.com\/?product=histoire-dun-gone-version-pdf#primaryimage","url":"https:\/\/i0.wp.com\/histoire-d-un-gone.com\/wp-content\/uploads\/2023\/11\/Histoire-d-un-gone-couverture-livre_pdf-web800.jpg?fit=800%2C1262&ssl=1","contentUrl":"https:\/\/i0.wp.com\/histoire-d-un-gone.com\/wp-content\/uploads\/2023\/11\/Histoire-d-un-gone-couverture-livre_pdf-web800.jpg?fit=800%2C1262&ssl=1","width":800,"height":1262,"caption":"Livre Histoire d'un Gone de Ren\u00e9 et Didier Jacquin en version PDF"},{"@type":"BreadcrumbList","@id":"https:\/\/histoire-d-un-gone.com\/?product=histoire-dun-gone-version-pdf#breadcrumb","itemListElement":[{"@type":"ListItem","position":1,"name":"Accueil","item":"https:\/\/histoire-d-un-gone.com\/"},{"@type":"ListItem","position":2,"name":"Boutique","item":"https:\/\/histoire-d-un-gone.com\/?page_id=148"},{"@type":"ListItem","position":3,"name":"Histoire d&#8217;un gone &#8211; Version PDF"}]},{"@type":"WebSite","@id":"https:\/\/histoire-d-un-gone.com\/#website","url":"https:\/\/histoire-d-un-gone.com\/","name":"Histoire d&#039;un gone","description":"Ils sont partis pour nous, la libert\u00e9 et la France","potentialAction":[{"@type":"SearchAction","target":{"@type":"EntryPoint","urlTemplate":"https:\/\/histoire-d-un-gone.com\/?s={search_term_string}"},"query-input":{"@type":"PropertyValueSpecification","valueRequired":true,"valueName":"search_term_string"}}],"inLanguage":"fr-FR"}]}},"jetpack_sharing_enabled":true,"_links":{"self":[{"href":"https:\/\/histoire-d-un-gone.com\/index.php?rest_route=\/wp\/v2\/product\/313","targetHints":{"allow":["GET"]}}],"collection":[{"href":"https:\/\/histoire-d-un-gone.com\/index.php?rest_route=\/wp\/v2\/product"}],"about":[{"href":"https:\/\/histoire-d-un-gone.com\/index.php?rest_route=\/wp\/v2\/types\/product"}],"wp:featuredmedia":[{"embeddable":true,"href":"https:\/\/histoire-d-un-gone.com\/index.php?rest_route=\/wp\/v2\/media\/235"}],"wp:attachment":[{"href":"https:\/\/histoire-d-un-gone.com\/index.php?rest_route=%2Fwp%2Fv2%2Fmedia&parent=313"}],"wp:term":[{"taxonomy":"product_brand","embeddable":true,"href":"https:\/\/histoire-d-un-gone.com\/index.php?rest_route=%2Fwp%2Fv2%2Fproduct_brand&post=313"},{"taxonomy":"product_cat","embeddable":true,"href":"https:\/\/histoire-d-un-gone.com\/index.php?rest_route=%2Fwp%2Fv2%2Fproduct_cat&post=313"},{"taxonomy":"product_tag","embeddable":true,"href":"https:\/\/histoire-d-un-gone.com\/index.php?rest_route=%2Fwp%2Fv2%2Fproduct_tag&post=313"}],"curies":[{"name":"wp","href":"https:\/\/api.w.org\/{rel}","templated":true}]}}