{"id":228,"date":"2023-11-13T13:48:04","date_gmt":"2023-11-13T13:48:04","guid":{"rendered":"https:\/\/histoire-d-un-gone.com\/?post_type=product&#038;p=228"},"modified":"2023-12-06T14:33:42","modified_gmt":"2023-12-06T14:33:42","slug":"histoire-dun-gone-version-e-book-epub","status":"publish","type":"product","link":"https:\/\/histoire-d-un-gone.com\/?product=histoire-dun-gone-version-e-book-epub","title":{"rendered":"Histoire d&rsquo;un gone &#8211; Version e-book : \u00ab\u00a0.epub\u00a0\u00bb"},"content":{"rendered":"<p>Nous vous proposons d&rsquo;acqu\u00e9rir le livre Histoire d&rsquo;un gone de Didier Jacquin en version e-book format epub (abr\u00e9viation de publication \u00e9lectronique) qui est un format open source pris en charge par de nombreuses liseuses \u00e9lectroniques. Les fichiers ePub sont con\u00e7us pour \u00eatre redistribuables, ce qui signifie que le texte peut \u00eatre reformat\u00e9 pour s&rsquo;adapter \u00e0 la taille et \u00e0 la forme de l&rsquo;\u00e9cran de l&rsquo;appareil.<\/p>\n<p>Nous vous invitons \u00e0 v\u00e9rifier le format accept\u00e9 par votre tablette avant de faire l&rsquo;acquisition de ce fichier.<\/p>\n<p>&nbsp;<\/p>\n","protected":false},"excerpt":{"rendered":"<p>Nous vous proposons d&rsquo;acqu\u00e9rir le livre Histoire d&rsquo;un gone de Didier Jacquin en version e-book format epub (abr\u00e9viation de publication \u00e9lectronique) qui est un format open source pris en charge par de nombreuses liseuses \u00e9lectroniques. Les fichiers ePub sont con\u00e7us pour \u00eatre redistribuables, ce qui signifie que le texte peut \u00eatre reformat\u00e9 pour s&rsquo;adapter \u00e0 [&hellip;]<\/p>\n","protected":false},"featured_media":233,"template":"","meta":{"_et_pb_use_builder":"","_et_pb_old_content":"","_et_gb_content_width":""},"product_brand":[],"product_cat":[19],"product_tag":[],"class_list":{"0":"post-228","1":"product","2":"type-product","3":"status-publish","4":"has-post-thumbnail","6":"product_cat-non-classe","8":"first","9":"instock","10":"downloadable","11":"virtual","12":"purchasable","13":"product-type-simple"},"yoast_head":"<!-- This site is optimized with the Yoast SEO plugin v27.6 - https:\/\/yoast.com\/product\/yoast-seo-wordpress\/ -->\n<title>Histoire d&#039;un gone - Version e-book : &quot;.epub&quot; - Histoire d&#039;un gone<\/title>\n<meta name=\"description\" content=\"Histoire d&#039;un gone - Version e-book : &quot;.epub&quot; - Histoire d&#039;un gone\" \/>\n<meta name=\"robots\" content=\"index, follow, max-snippet:-1, max-image-preview:large, max-video-preview:-1\" \/>\n<link rel=\"canonical\" href=\"https:\/\/histoire-d-un-gone.com\/?product=histoire-dun-gone-version-e-book-epub\" \/>\n<meta property=\"og:locale\" content=\"fr_FR\" \/>\n<meta property=\"og:type\" content=\"article\" \/>\n<meta property=\"og:title\" content=\"Histoire d&#039;un gone - Version e-book : &quot;.epub&quot; - Histoire d&#039;un gone\" \/>\n<meta property=\"og:description\" content=\"Histoire d&#039;un gone - Version e-book : &quot;.epub&quot; - Histoire d&#039;un gone\" \/>\n<meta property=\"og:url\" content=\"https:\/\/histoire-d-un-gone.com\/?product=histoire-dun-gone-version-e-book-epub\" \/>\n<meta property=\"og:site_name\" content=\"Histoire d&#039;un gone\" \/>\n<meta property=\"article:modified_time\" content=\"2023-12-06T14:33:42+00:00\" \/>\n<meta property=\"og:image\" content=\"https:\/\/histoire-d-un-gone.com\/wp-content\/uploads\/2023\/11\/Histoire-d-un-gone-couverture-livre_epub-web800.jpg\" \/>\n\t<meta property=\"og:image:width\" content=\"800\" \/>\n\t<meta property=\"og:image:height\" content=\"1262\" \/>\n\t<meta property=\"og:image:type\" content=\"image\/jpeg\" \/>\n<meta name=\"twitter:card\" content=\"summary_large_image\" \/>\n<meta name=\"twitter:label1\" content=\"Dur\u00e9e de lecture estim\u00e9e\" \/>\n\t<meta name=\"twitter:data1\" content=\"1 minute\" \/>\n<script type=\"application\/ld+json\" class=\"yoast-schema-graph\">{\"@context\":\"https:\\\/\\\/schema.org\",\"@graph\":[{\"@type\":\"WebPage\",\"@id\":\"https:\\\/\\\/histoire-d-un-gone.com\\\/?product=histoire-dun-gone-version-e-book-epub\",\"url\":\"https:\\\/\\\/histoire-d-un-gone.com\\\/?product=histoire-dun-gone-version-e-book-epub\",\"name\":\"Histoire d'un gone - Version e-book : \\\".epub\\\" - Histoire d&#039;un gone\",\"isPartOf\":{\"@id\":\"https:\\\/\\\/histoire-d-un-gone.com\\\/#website\"},\"primaryImageOfPage\":{\"@id\":\"https:\\\/\\\/histoire-d-un-gone.com\\\/?product=histoire-dun-gone-version-e-book-epub#primaryimage\"},\"image\":{\"@id\":\"https:\\\/\\\/histoire-d-un-gone.com\\\/?product=histoire-dun-gone-version-e-book-epub#primaryimage\"},\"thumbnailUrl\":\"https:\\\/\\\/i0.wp.com\\\/histoire-d-un-gone.com\\\/wp-content\\\/uploads\\\/2023\\\/11\\\/Histoire-d-un-gone-couverture-livre_epub-web800.jpg?fit=800%2C1262&ssl=1\",\"datePublished\":\"2023-11-13T13:48:04+00:00\",\"dateModified\":\"2023-12-06T14:33:42+00:00\",\"description\":\"Histoire d'un gone - Version e-book : \\\".epub\\\" - Histoire d&#039;un gone\",\"breadcrumb\":{\"@id\":\"https:\\\/\\\/histoire-d-un-gone.com\\\/?product=histoire-dun-gone-version-e-book-epub#breadcrumb\"},\"inLanguage\":\"fr-FR\",\"potentialAction\":[{\"@type\":\"ReadAction\",\"target\":[\"https:\\\/\\\/histoire-d-un-gone.com\\\/?product=histoire-dun-gone-version-e-book-epub\"]}]},{\"@type\":\"ImageObject\",\"inLanguage\":\"fr-FR\",\"@id\":\"https:\\\/\\\/histoire-d-un-gone.com\\\/?product=histoire-dun-gone-version-e-book-epub#primaryimage\",\"url\":\"https:\\\/\\\/i0.wp.com\\\/histoire-d-un-gone.com\\\/wp-content\\\/uploads\\\/2023\\\/11\\\/Histoire-d-un-gone-couverture-livre_epub-web800.jpg?fit=800%2C1262&ssl=1\",\"contentUrl\":\"https:\\\/\\\/i0.wp.com\\\/histoire-d-un-gone.com\\\/wp-content\\\/uploads\\\/2023\\\/11\\\/Histoire-d-un-gone-couverture-livre_epub-web800.jpg?fit=800%2C1262&ssl=1\",\"width\":800,\"height\":1262,\"caption\":\"Livre Histoire d'un Gone de Ren\u00e9 et Didier Jacquin en version ebook (.epub)\"},{\"@type\":\"BreadcrumbList\",\"@id\":\"https:\\\/\\\/histoire-d-un-gone.com\\\/?product=histoire-dun-gone-version-e-book-epub#breadcrumb\",\"itemListElement\":[{\"@type\":\"ListItem\",\"position\":1,\"name\":\"Accueil\",\"item\":\"https:\\\/\\\/histoire-d-un-gone.com\\\/\"},{\"@type\":\"ListItem\",\"position\":2,\"name\":\"Boutique\",\"item\":\"https:\\\/\\\/histoire-d-un-gone.com\\\/?page_id=148\"},{\"@type\":\"ListItem\",\"position\":3,\"name\":\"Histoire d&#8217;un gone &#8211; Version e-book : &#8220;.epub&#8221;\"}]},{\"@type\":\"WebSite\",\"@id\":\"https:\\\/\\\/histoire-d-un-gone.com\\\/#website\",\"url\":\"https:\\\/\\\/histoire-d-un-gone.com\\\/\",\"name\":\"Histoire d&#039;un gone\",\"description\":\"Ils sont partis pour nous, la libert\u00e9 et la France\",\"potentialAction\":[{\"@type\":\"SearchAction\",\"target\":{\"@type\":\"EntryPoint\",\"urlTemplate\":\"https:\\\/\\\/histoire-d-un-gone.com\\\/?s={search_term_string}\"},\"query-input\":{\"@type\":\"PropertyValueSpecification\",\"valueRequired\":true,\"valueName\":\"search_term_string\"}}],\"inLanguage\":\"fr-FR\"}]}<\/script>\n<!-- \/ Yoast SEO plugin. -->","yoast_head_json":{"title":"Histoire d'un gone - Version e-book : \".epub\" - Histoire d&#039;un gone","description":"Histoire d'un gone - Version e-book : \".epub\" - Histoire d&#039;un gone","robots":{"index":"index","follow":"follow","max-snippet":"max-snippet:-1","max-image-preview":"max-image-preview:large","max-video-preview":"max-video-preview:-1"},"canonical":"https:\/\/histoire-d-un-gone.com\/?product=histoire-dun-gone-version-e-book-epub","og_locale":"fr_FR","og_type":"article","og_title":"Histoire d'un gone - Version e-book : \".epub\" - Histoire d&#039;un gone","og_description":"Histoire d'un gone - Version e-book : \".epub\" - Histoire d&#039;un gone","og_url":"https:\/\/histoire-d-un-gone.com\/?product=histoire-dun-gone-version-e-book-epub","og_site_name":"Histoire d&#039;un gone","article_modified_time":"2023-12-06T14:33:42+00:00","og_image":[{"width":800,"height":1262,"url":"https:\/\/histoire-d-un-gone.com\/wp-content\/uploads\/2023\/11\/Histoire-d-un-gone-couverture-livre_epub-web800.jpg","type":"image\/jpeg"}],"twitter_card":"summary_large_image","twitter_misc":{"Dur\u00e9e de lecture estim\u00e9e":"1 minute"},"schema":{"@context":"https:\/\/schema.org","@graph":[{"@type":"WebPage","@id":"https:\/\/histoire-d-un-gone.com\/?product=histoire-dun-gone-version-e-book-epub","url":"https:\/\/histoire-d-un-gone.com\/?product=histoire-dun-gone-version-e-book-epub","name":"Histoire d'un gone - Version e-book : \".epub\" - Histoire d&#039;un gone","isPartOf":{"@id":"https:\/\/histoire-d-un-gone.com\/#website"},"primaryImageOfPage":{"@id":"https:\/\/histoire-d-un-gone.com\/?product=histoire-dun-gone-version-e-book-epub#primaryimage"},"image":{"@id":"https:\/\/histoire-d-un-gone.com\/?product=histoire-dun-gone-version-e-book-epub#primaryimage"},"thumbnailUrl":"https:\/\/i0.wp.com\/histoire-d-un-gone.com\/wp-content\/uploads\/2023\/11\/Histoire-d-un-gone-couverture-livre_epub-web800.jpg?fit=800%2C1262&ssl=1","datePublished":"2023-11-13T13:48:04+00:00","dateModified":"2023-12-06T14:33:42+00:00","description":"Histoire d'un gone - Version e-book : \".epub\" - Histoire d&#039;un gone","breadcrumb":{"@id":"https:\/\/histoire-d-un-gone.com\/?product=histoire-dun-gone-version-e-book-epub#breadcrumb"},"inLanguage":"fr-FR","potentialAction":[{"@type":"ReadAction","target":["https:\/\/histoire-d-un-gone.com\/?product=histoire-dun-gone-version-e-book-epub"]}]},{"@type":"ImageObject","inLanguage":"fr-FR","@id":"https:\/\/histoire-d-un-gone.com\/?product=histoire-dun-gone-version-e-book-epub#primaryimage","url":"https:\/\/i0.wp.com\/histoire-d-un-gone.com\/wp-content\/uploads\/2023\/11\/Histoire-d-un-gone-couverture-livre_epub-web800.jpg?fit=800%2C1262&ssl=1","contentUrl":"https:\/\/i0.wp.com\/histoire-d-un-gone.com\/wp-content\/uploads\/2023\/11\/Histoire-d-un-gone-couverture-livre_epub-web800.jpg?fit=800%2C1262&ssl=1","width":800,"height":1262,"caption":"Livre Histoire d'un Gone de Ren\u00e9 et Didier Jacquin en version ebook (.epub)"},{"@type":"BreadcrumbList","@id":"https:\/\/histoire-d-un-gone.com\/?product=histoire-dun-gone-version-e-book-epub#breadcrumb","itemListElement":[{"@type":"ListItem","position":1,"name":"Accueil","item":"https:\/\/histoire-d-un-gone.com\/"},{"@type":"ListItem","position":2,"name":"Boutique","item":"https:\/\/histoire-d-un-gone.com\/?page_id=148"},{"@type":"ListItem","position":3,"name":"Histoire d&#8217;un gone &#8211; Version e-book : &#8220;.epub&#8221;"}]},{"@type":"WebSite","@id":"https:\/\/histoire-d-un-gone.com\/#website","url":"https:\/\/histoire-d-un-gone.com\/","name":"Histoire d&#039;un gone","description":"Ils sont partis pour nous, la libert\u00e9 et la France","potentialAction":[{"@type":"SearchAction","target":{"@type":"EntryPoint","urlTemplate":"https:\/\/histoire-d-un-gone.com\/?s={search_term_string}"},"query-input":{"@type":"PropertyValueSpecification","valueRequired":true,"valueName":"search_term_string"}}],"inLanguage":"fr-FR"}]}},"jetpack_sharing_enabled":true,"_links":{"self":[{"href":"https:\/\/histoire-d-un-gone.com\/index.php?rest_route=\/wp\/v2\/product\/228","targetHints":{"allow":["GET"]}}],"collection":[{"href":"https:\/\/histoire-d-un-gone.com\/index.php?rest_route=\/wp\/v2\/product"}],"about":[{"href":"https:\/\/histoire-d-un-gone.com\/index.php?rest_route=\/wp\/v2\/types\/product"}],"wp:featuredmedia":[{"embeddable":true,"href":"https:\/\/histoire-d-un-gone.com\/index.php?rest_route=\/wp\/v2\/media\/233"}],"wp:attachment":[{"href":"https:\/\/histoire-d-un-gone.com\/index.php?rest_route=%2Fwp%2Fv2%2Fmedia&parent=228"}],"wp:term":[{"taxonomy":"product_brand","embeddable":true,"href":"https:\/\/histoire-d-un-gone.com\/index.php?rest_route=%2Fwp%2Fv2%2Fproduct_brand&post=228"},{"taxonomy":"product_cat","embeddable":true,"href":"https:\/\/histoire-d-un-gone.com\/index.php?rest_route=%2Fwp%2Fv2%2Fproduct_cat&post=228"},{"taxonomy":"product_tag","embeddable":true,"href":"https:\/\/histoire-d-un-gone.com\/index.php?rest_route=%2Fwp%2Fv2%2Fproduct_tag&post=228"}],"curies":[{"name":"wp","href":"https:\/\/api.w.org\/{rel}","templated":true}]}}