{"id":66,"date":"2023-10-24T09:38:49","date_gmt":"2023-10-24T09:38:49","guid":{"rendered":"https:\/\/histoire-d-un-gone.com\/?page_id=66"},"modified":"2024-03-23T14:14:32","modified_gmt":"2024-03-23T14:14:32","slug":"auteur","status":"publish","type":"page","link":"https:\/\/histoire-d-un-gone.com\/?page_id=66","title":{"rendered":"Auteur"},"content":{"rendered":"<p>[et_pb_section fb_built=\u00a0\u00bb1&Prime; admin_label=\u00a0\u00bbAbout\u00a0\u00bb _builder_version=\u00a0\u00bb4.23&Prime; _module_preset=\u00a0\u00bbdefault\u00a0\u00bb background_color=\u00a0\u00bb#88c4dd\u00a0\u00bb global_colors_info=\u00a0\u00bb{}\u00a0\u00bb][et_pb_row _builder_version=\u00a0\u00bb4.23&Prime; _module_preset=\u00a0\u00bbdefault\u00a0\u00bb locked=\u00a0\u00bboff\u00a0\u00bb global_colors_info=\u00a0\u00bb{}\u00a0\u00bb][et_pb_column type=\u00a0\u00bb4_4&Prime; _builder_version=\u00a0\u00bb4.23&Prime; _module_preset=\u00a0\u00bbdefault\u00a0\u00bb global_colors_info=\u00a0\u00bb{}\u00a0\u00bb][et_pb_text _builder_version=\u00a0\u00bb4.23&Prime; _module_preset=\u00a0\u00bbb53a70bb-9f62-4ee5-b34f-c7a321ddbf6c\u00a0\u00bb header_font=\u00a0\u00bbInter|300|||||||\u00a0\u00bb header_text_color=\u00a0\u00bb#000000&Prime; header_font_size=\u00a0\u00bb78px\u00a0\u00bb header_line_height=\u00a0\u00bb1.1em\u00a0\u00bb width=\u00a0\u00bb138.7%\u00a0\u00bb custom_margin=\u00a0\u00bb|||-175px||\u00a0\u00bb header_font_size_tablet=\u00a0\u00bb44px\u00a0\u00bb header_font_size_phone=\u00a0\u00bb28px\u00a0\u00bb header_font_size_last_edited=\u00a0\u00bbon|phone\u00a0\u00bb global_colors_info=\u00a0\u00bb{}\u00a0\u00bb]<\/p>\n<h1 style=\"text-align: center;\"><span style=\"color: #000000;\"><em><strong>Didier Jacquin<\/strong><\/em><\/span><\/h1>\n<p>[\/et_pb_text][\/et_pb_column][\/et_pb_row][et_pb_row column_structure=\u00a0\u00bb1_2,1_2&Prime; _builder_version=\u00a0\u00bb4.16&Prime; _module_preset=\u00a0\u00bbdefault\u00a0\u00bb max_width=\u00a0\u00bb840px\u00a0\u00bb global_colors_info=\u00a0\u00bb{}\u00a0\u00bb][et_pb_column type=\u00a0\u00bb1_2&Prime; _builder_version=\u00a0\u00bb4.16&Prime; _module_preset=\u00a0\u00bbdefault\u00a0\u00bb global_colors_info=\u00a0\u00bb{}\u00a0\u00bb][et_pb_image src=\u00a0\u00bbhttps:\/\/histoire-d-un-gone.com\/wp-content\/uploads\/2023\/11\/Didier-Jacquin-Auteur-livre-istoire-d-un-gone.jpg\u00a0\u00bb title_text=\u00a0\u00bbDidier-Jacquin-Auteur-livre-istoire-d-un-gone\u00a0\u00bb _builder_version=\u00a0\u00bb4.23.1&Prime; _module_preset=\u00a0\u00bbdefault\u00a0\u00bb border_width_all=\u00a0\u00bb6px\u00a0\u00bb border_color_all=\u00a0\u00bb#800000&Prime; global_colors_info=\u00a0\u00bb{}\u00a0\u00bb][\/et_pb_image][et_pb_text _builder_version=\u00a0\u00bb4.23&Prime; _module_preset=\u00a0\u00bbdefault\u00a0\u00bb global_colors_info=\u00a0\u00bb{}\u00a0\u00bb]<\/p>\n<h3 style=\"text-align: center;\">Papa : \u00ab Puisse ton \u00e9pop\u00e9e survivre dans la m\u00e9moire collective \u00bb Didier<\/h3>\n<p>[\/et_pb_text][\/et_pb_column][et_pb_column type=\u00a0\u00bb1_2&Prime; _builder_version=\u00a0\u00bb4.16&Prime; _module_preset=\u00a0\u00bbdefault\u00a0\u00bb global_colors_info=\u00a0\u00bb{}\u00a0\u00bb][et_pb_text _builder_version=\u00a0\u00bb4.23.1&Prime; _module_preset=\u00a0\u00bbf0cf31b9-b2e7-4752-a57c-6e2f73347b36&Prime; text_font=\u00a0\u00bbInter|300|||||||\u00a0\u00bb text_text_color=\u00a0\u00bb#000000&Prime; text_font_size=\u00a0\u00bb17px\u00a0\u00bb text_line_height=\u00a0\u00bb1.8em\u00a0\u00bb custom_padding=\u00a0\u00bb5px|5px|5px|5px|false|false\u00a0\u00bb text_font_size_tablet=\u00a0\u00bb16px\u00a0\u00bb text_font_size_phone=\u00a0\u00bb14px\u00a0\u00bb text_font_size_last_edited=\u00a0\u00bbon|phone\u00a0\u00bb header_font_size_tablet=\u00a0\u00bb55px\u00a0\u00bb header_font_size_last_edited=\u00a0\u00bboff|desktop\u00a0\u00bb border_width_all=\u00a0\u00bb6px\u00a0\u00bb border_color_all=\u00a0\u00bb#800000&Prime; global_colors_info=\u00a0\u00bb{}\u00a0\u00bb]<\/p>\n<p style=\"text-align: justify;\">\u00a0 \u00a0 \u00a0 Comme je l&rsquo;ai dit pr\u00e9c\u00e9demment, les descendants ont le droit et le devoir de perp\u00e9tuer l&rsquo;oeuvre de leurs a\u00efeux. Pour cela je me permets de citer des extraits du livre de Ben Sira le sage.<\/p>\n<p style=\"text-align: justify;\">\u00a0 \u00a0 \u00a0 \u00ab Celui qui honore son p\u00e8re obtient le pardon de ses p\u00e9ch\u00e9s, il aura de la joie dans ses enfants. Celui qui glorifie son p\u00e8re verra de longs jours, la gloire d&rsquo;un homme vient de la notori\u00e9t\u00e9 de son p\u00e8re. Mon fils soutient ton p\u00e8re dans la vieillesse, m\u00eame si son esprit l&rsquo;abandonne, sois indulgent, ne le m\u00e9prise pas, toi qui es en pleine force. Accomplis toute chose dans l&rsquo;humilit\u00e9, et tu seras aim\u00e9 plus qu&rsquo;un bienfaiteur. Qui abandonne son p\u00e8re est un blasph\u00e9mateur. Beaucoup sont hauts plac\u00e9s et glorieux, mais c&rsquo;est aux humbles que revient la r\u00e9v\u00e9lation des secrets. Ne cherche pas ce qui est trop difficile pour toi, ne scrute pas ce qui est au-dessus de tes forces. Celui qui sait rendre les bienfaits pense \u00e0 l&rsquo;avenir ; s&rsquo;il vient \u00e0 tomber, il trouvera un soutien \u00bb.<\/p>\n<p>[\/et_pb_text][\/et_pb_column][\/et_pb_row][et_pb_row _builder_version=\u00a0\u00bb4.23&Prime; _module_preset=\u00a0\u00bbdefault\u00a0\u00bb global_colors_info=\u00a0\u00bb{}\u00a0\u00bb][et_pb_column type=\u00a0\u00bb4_4&Prime; _builder_version=\u00a0\u00bb4.23&Prime; _module_preset=\u00a0\u00bbdefault\u00a0\u00bb global_colors_info=\u00a0\u00bb{}\u00a0\u00bb][et_pb_text _builder_version=\u00a0\u00bb4.23.1&Prime; _module_preset=\u00a0\u00bbf0cf31b9-b2e7-4752-a57c-6e2f73347b36&Prime; text_font=\u00a0\u00bbInter|300|||||||\u00a0\u00bb text_text_color=\u00a0\u00bb#000000&Prime; text_font_size=\u00a0\u00bb17px\u00a0\u00bb text_line_height=\u00a0\u00bb1.8em\u00a0\u00bb custom_padding=\u00a0\u00bb5px|5px|5px|5px|false|false\u00a0\u00bb text_font_size_tablet=\u00a0\u00bb16px\u00a0\u00bb text_font_size_phone=\u00a0\u00bb14px\u00a0\u00bb text_font_size_last_edited=\u00a0\u00bbon|phone\u00a0\u00bb header_font_size_tablet=\u00a0\u00bb55px\u00a0\u00bb header_font_size_last_edited=\u00a0\u00bboff|desktop\u00a0\u00bb border_width_all=\u00a0\u00bb6px\u00a0\u00bb border_color_all=\u00a0\u00bb#800000&Prime; global_colors_info=\u00a0\u00bb{}\u00a0\u00bb]<\/p>\n<p style=\"text-align: justify;\">\u00a0 \u00a0 \u00a0 \u00ab Faisons l&rsquo;\u00e9loge de ces hommes glorieux qui sont nos anc\u00eatres. Il y en a, parmi eux, qui ont laiss\u00e9 un nom ; ainsi peut-on faire leur \u00e9loge. Il y en a d&rsquo;autres dont le souvenir s&rsquo;est perdu ; ils sont morts, et c&rsquo;est comme s&rsquo;ils n&rsquo;avaient jamais exist\u00e9, c&rsquo;est comme s&rsquo;ils n&rsquo;\u00e9taient jamais n\u00e9s, et de m\u00eame leurs enfants apr\u00e8s eux. Il n&rsquo;en est pas ainsi des hommes de mis\u00e9ricorde, leurs \u0153uvres de justice n&rsquo;ont pas \u00e9t\u00e9 oubli\u00e9es. Avec leur post\u00e9rit\u00e9 se maintiendra le bel h\u00e9ritage que sont leurs descendants. Leur descendance subsistera toujours, jamais leur gloire ne sera effac\u00e9e. Leur nom reste vivant pour toutes les g\u00e9n\u00e9rations \u00bb.<\/p>\n<p style=\"text-align: justify;\">\n<p>[\/et_pb_text][et_pb_text _builder_version=\u00a0\u00bb4.24.2&Prime; _module_preset=\u00a0\u00bbdefault\u00a0\u00bb global_colors_info=\u00a0\u00bb{}\u00a0\u00bb]<\/p>\n<h3 style=\"text-align: center;\">\u00ab Lorsque tout semble \u00eatre contre vous, souvenez-vous que les avions d\u00e9collent<br \/>toujours face au vent \u00bb<\/h3>\n<p style=\"text-align: center;\"><em>Henry Ford<\/em><\/p>\n<p>[\/et_pb_text][\/et_pb_column][\/et_pb_row][\/et_pb_section]<\/p>\n","protected":false},"excerpt":{"rendered":"<p>Didier JacquinPapa : \u00ab Puisse ton \u00e9pop\u00e9e survivre dans la m\u00e9moire collective \u00bb Didier\u00a0 \u00a0 \u00a0 Comme je l&rsquo;ai dit pr\u00e9c\u00e9demment, les descendants ont le droit et le devoir de perp\u00e9tuer l&rsquo;oeuvre de leurs a\u00efeux. Pour cela je me permets de citer des extraits du livre de Ben Sira le sage. \u00a0 \u00a0 \u00a0 \u00ab [&hellip;]<\/p>\n","protected":false},"author":1,"featured_media":0,"parent":0,"menu_order":0,"comment_status":"closed","ping_status":"closed","template":"","meta":{"_et_pb_use_builder":"on","_et_pb_old_content":"","_et_gb_content_width":"","footnotes":""},"class_list":["post-66","page","type-page","status-publish","hentry"],"yoast_head":"<!-- This site is optimized with the Yoast SEO plugin v27.6 - https:\/\/yoast.com\/product\/yoast-seo-wordpress\/ -->\n<title>Auteur - Histoire d&#039;un gone<\/title>\n<meta name=\"description\" content=\"Auteur - Histoire d&#039;un gone\" \/>\n<meta name=\"robots\" content=\"index, follow, max-snippet:-1, max-image-preview:large, max-video-preview:-1\" \/>\n<link rel=\"canonical\" href=\"https:\/\/histoire-d-un-gone.com\/?page_id=66\" \/>\n<meta property=\"og:locale\" content=\"fr_FR\" \/>\n<meta property=\"og:type\" content=\"article\" \/>\n<meta property=\"og:title\" content=\"Auteur - Histoire d&#039;un gone\" \/>\n<meta property=\"og:description\" content=\"Auteur - Histoire d&#039;un gone\" \/>\n<meta property=\"og:url\" content=\"https:\/\/histoire-d-un-gone.com\/?page_id=66\" \/>\n<meta property=\"og:site_name\" content=\"Histoire d&#039;un gone\" \/>\n<meta property=\"article:modified_time\" content=\"2024-03-23T14:14:32+00:00\" \/>\n<meta name=\"twitter:card\" content=\"summary_large_image\" \/>\n<meta name=\"twitter:label1\" content=\"Dur\u00e9e de lecture estim\u00e9e\" \/>\n\t<meta name=\"twitter:data1\" content=\"3 minutes\" \/>\n<script type=\"application\/ld+json\" class=\"yoast-schema-graph\">{\"@context\":\"https:\\\/\\\/schema.org\",\"@graph\":[{\"@type\":\"WebPage\",\"@id\":\"https:\\\/\\\/histoire-d-un-gone.com\\\/?page_id=66\",\"url\":\"https:\\\/\\\/histoire-d-un-gone.com\\\/?page_id=66\",\"name\":\"Auteur - Histoire d&#039;un gone\",\"isPartOf\":{\"@id\":\"https:\\\/\\\/histoire-d-un-gone.com\\\/#website\"},\"datePublished\":\"2023-10-24T09:38:49+00:00\",\"dateModified\":\"2024-03-23T14:14:32+00:00\",\"description\":\"Auteur - Histoire d&#039;un gone\",\"breadcrumb\":{\"@id\":\"https:\\\/\\\/histoire-d-un-gone.com\\\/?page_id=66#breadcrumb\"},\"inLanguage\":\"fr-FR\",\"potentialAction\":[{\"@type\":\"ReadAction\",\"target\":[\"https:\\\/\\\/histoire-d-un-gone.com\\\/?page_id=66\"]}]},{\"@type\":\"BreadcrumbList\",\"@id\":\"https:\\\/\\\/histoire-d-un-gone.com\\\/?page_id=66#breadcrumb\",\"itemListElement\":[{\"@type\":\"ListItem\",\"position\":1,\"name\":\"Accueil\",\"item\":\"https:\\\/\\\/histoire-d-un-gone.com\\\/\"},{\"@type\":\"ListItem\",\"position\":2,\"name\":\"Auteur\"}]},{\"@type\":\"WebSite\",\"@id\":\"https:\\\/\\\/histoire-d-un-gone.com\\\/#website\",\"url\":\"https:\\\/\\\/histoire-d-un-gone.com\\\/\",\"name\":\"Histoire d&#039;un gone\",\"description\":\"Ils sont partis pour nous, la libert\u00e9 et la France\",\"potentialAction\":[{\"@type\":\"SearchAction\",\"target\":{\"@type\":\"EntryPoint\",\"urlTemplate\":\"https:\\\/\\\/histoire-d-un-gone.com\\\/?s={search_term_string}\"},\"query-input\":{\"@type\":\"PropertyValueSpecification\",\"valueRequired\":true,\"valueName\":\"search_term_string\"}}],\"inLanguage\":\"fr-FR\"}]}<\/script>\n<!-- \/ Yoast SEO plugin. -->","yoast_head_json":{"title":"Auteur - Histoire d&#039;un gone","description":"Auteur - Histoire d&#039;un gone","robots":{"index":"index","follow":"follow","max-snippet":"max-snippet:-1","max-image-preview":"max-image-preview:large","max-video-preview":"max-video-preview:-1"},"canonical":"https:\/\/histoire-d-un-gone.com\/?page_id=66","og_locale":"fr_FR","og_type":"article","og_title":"Auteur - Histoire d&#039;un gone","og_description":"Auteur - Histoire d&#039;un gone","og_url":"https:\/\/histoire-d-un-gone.com\/?page_id=66","og_site_name":"Histoire d&#039;un gone","article_modified_time":"2024-03-23T14:14:32+00:00","twitter_card":"summary_large_image","twitter_misc":{"Dur\u00e9e de lecture estim\u00e9e":"3 minutes"},"schema":{"@context":"https:\/\/schema.org","@graph":[{"@type":"WebPage","@id":"https:\/\/histoire-d-un-gone.com\/?page_id=66","url":"https:\/\/histoire-d-un-gone.com\/?page_id=66","name":"Auteur - Histoire d&#039;un gone","isPartOf":{"@id":"https:\/\/histoire-d-un-gone.com\/#website"},"datePublished":"2023-10-24T09:38:49+00:00","dateModified":"2024-03-23T14:14:32+00:00","description":"Auteur - Histoire d&#039;un gone","breadcrumb":{"@id":"https:\/\/histoire-d-un-gone.com\/?page_id=66#breadcrumb"},"inLanguage":"fr-FR","potentialAction":[{"@type":"ReadAction","target":["https:\/\/histoire-d-un-gone.com\/?page_id=66"]}]},{"@type":"BreadcrumbList","@id":"https:\/\/histoire-d-un-gone.com\/?page_id=66#breadcrumb","itemListElement":[{"@type":"ListItem","position":1,"name":"Accueil","item":"https:\/\/histoire-d-un-gone.com\/"},{"@type":"ListItem","position":2,"name":"Auteur"}]},{"@type":"WebSite","@id":"https:\/\/histoire-d-un-gone.com\/#website","url":"https:\/\/histoire-d-un-gone.com\/","name":"Histoire d&#039;un gone","description":"Ils sont partis pour nous, la libert\u00e9 et la France","potentialAction":[{"@type":"SearchAction","target":{"@type":"EntryPoint","urlTemplate":"https:\/\/histoire-d-un-gone.com\/?s={search_term_string}"},"query-input":{"@type":"PropertyValueSpecification","valueRequired":true,"valueName":"search_term_string"}}],"inLanguage":"fr-FR"}]}},"jetpack_sharing_enabled":true,"_links":{"self":[{"href":"https:\/\/histoire-d-un-gone.com\/index.php?rest_route=\/wp\/v2\/pages\/66","targetHints":{"allow":["GET"]}}],"collection":[{"href":"https:\/\/histoire-d-un-gone.com\/index.php?rest_route=\/wp\/v2\/pages"}],"about":[{"href":"https:\/\/histoire-d-un-gone.com\/index.php?rest_route=\/wp\/v2\/types\/page"}],"author":[{"embeddable":true,"href":"https:\/\/histoire-d-un-gone.com\/index.php?rest_route=\/wp\/v2\/users\/1"}],"replies":[{"embeddable":true,"href":"https:\/\/histoire-d-un-gone.com\/index.php?rest_route=%2Fwp%2Fv2%2Fcomments&post=66"}],"version-history":[{"count":27,"href":"https:\/\/histoire-d-un-gone.com\/index.php?rest_route=\/wp\/v2\/pages\/66\/revisions"}],"predecessor-version":[{"id":376,"href":"https:\/\/histoire-d-un-gone.com\/index.php?rest_route=\/wp\/v2\/pages\/66\/revisions\/376"}],"wp:attachment":[{"href":"https:\/\/histoire-d-un-gone.com\/index.php?rest_route=%2Fwp%2Fv2%2Fmedia&parent=66"}],"curies":[{"name":"wp","href":"https:\/\/api.w.org\/{rel}","templated":true}]}}