{"id":300,"date":"2023-11-16T15:50:19","date_gmt":"2023-11-16T15:50:19","guid":{"rendered":"https:\/\/histoire-d-un-gone.com\/?page_id=300"},"modified":"2024-05-14T08:59:45","modified_gmt":"2024-05-14T08:59:45","slug":"agenda","status":"publish","type":"page","link":"https:\/\/histoire-d-un-gone.com\/?page_id=300","title":{"rendered":"Agenda"},"content":{"rendered":"<p>[et_pb_section fb_built=\u00a0\u00bb1&Prime; admin_label=\u00a0\u00bbAbout\u00a0\u00bb _builder_version=\u00a0\u00bb4.23&Prime; _module_preset=\u00a0\u00bbdefault\u00a0\u00bb background_color=\u00a0\u00bb#88c4dd\u00a0\u00bb global_colors_info=\u00a0\u00bb{}\u00a0\u00bb][et_pb_row _builder_version=\u00a0\u00bb4.23&Prime; _module_preset=\u00a0\u00bbdefault\u00a0\u00bb locked=\u00a0\u00bboff\u00a0\u00bb global_colors_info=\u00a0\u00bb{}\u00a0\u00bb][et_pb_column type=\u00a0\u00bb4_4&Prime; _builder_version=\u00a0\u00bb4.23&Prime; _module_preset=\u00a0\u00bbdefault\u00a0\u00bb global_colors_info=\u00a0\u00bb{}\u00a0\u00bb][et_pb_text _builder_version=\u00a0\u00bb4.23&Prime; _module_preset=\u00a0\u00bbb53a70bb-9f62-4ee5-b34f-c7a321ddbf6c\u00a0\u00bb header_font=\u00a0\u00bbInter|300|||||||\u00a0\u00bb header_text_color=\u00a0\u00bb#000000&Prime; header_font_size=\u00a0\u00bb78px\u00a0\u00bb header_line_height=\u00a0\u00bb1.1em\u00a0\u00bb width=\u00a0\u00bb138.7%\u00a0\u00bb custom_margin=\u00a0\u00bb|||-175px||\u00a0\u00bb header_font_size_tablet=\u00a0\u00bb44px\u00a0\u00bb header_font_size_phone=\u00a0\u00bb28px\u00a0\u00bb header_font_size_last_edited=\u00a0\u00bbon|phone\u00a0\u00bb global_colors_info=\u00a0\u00bb{}\u00a0\u00bb]<\/p>\n<h1 style=\"text-align: center;\"><span style=\"color: #000000;\"><em><strong>Agenda<\/strong><\/em><\/span><\/h1>\n<p>[\/et_pb_text][\/et_pb_column][\/et_pb_row][et_pb_row column_structure=\u00a0\u00bb1_2,1_2&Prime; _builder_version=\u00a0\u00bb4.23.1&Prime; _module_preset=\u00a0\u00bbdefault\u00a0\u00bb global_colors_info=\u00a0\u00bb{}\u00a0\u00bb][et_pb_column type=\u00a0\u00bb1_2&Prime; _builder_version=\u00a0\u00bb4.16&Prime; _module_preset=\u00a0\u00bbdefault\u00a0\u00bb global_colors_info=\u00a0\u00bb{}\u00a0\u00bb][et_pb_image src=\u00a0\u00bbhttps:\/\/histoire-d-un-gone.com\/wp-content\/uploads\/2023\/11\/Histoire-d-un-gone-couverture-livre.jpg\u00a0\u00bb title_text=\u00a0\u00bbHistoire d-un-gone-couverture-livre\u00a0\u00bb _builder_version=\u00a0\u00bb4.23.1&Prime; _module_preset=\u00a0\u00bbdefault\u00a0\u00bb max_width_tablet=\u00a0\u00bb400px\u00a0\u00bb max_width_phone=\u00a0\u00bb400px\u00a0\u00bb max_width_last_edited=\u00a0\u00bboff|tablet\u00a0\u00bb max_height_tablet=\u00a0\u00bb400px\u00a0\u00bb max_height_phone=\u00a0\u00bb400px\u00a0\u00bb max_height_last_edited=\u00a0\u00bbon|phone\u00a0\u00bb border_width_all=\u00a0\u00bb6px\u00a0\u00bb border_color_all=\u00a0\u00bb#800000&Prime; box_shadow_style=\u00a0\u00bbpreset2&Prime; box_shadow_horizontal=\u00a0\u00bb10px\u00a0\u00bb box_shadow_vertical=\u00a0\u00bb20px\u00a0\u00bb box_shadow_blur=\u00a0\u00bb50px\u00a0\u00bb box_shadow_color=\u00a0\u00bbrgba(0,0,0,0.2)\u00a0\u00bb locked=\u00a0\u00bboff\u00a0\u00bb global_colors_info=\u00a0\u00bb{}\u00a0\u00bb][\/et_pb_image][et_pb_text _builder_version=\u00a0\u00bb4.23&Prime; _module_preset=\u00a0\u00bbdefault\u00a0\u00bb custom_padding=\u00a0\u00bb||0px|||\u00a0\u00bb locked=\u00a0\u00bboff\u00a0\u00bb global_colors_info=\u00a0\u00bb{}\u00a0\u00bb]<\/p>\n<h3 style=\"text-align: center;\">\u00ab Tout le monde ne t&rsquo;a pas oubli\u00e9\u00a0\u00bb<\/h3>\n<p style=\"text-align: center;\"><em>Didier<\/em><\/p>\n<p>[\/et_pb_text][\/et_pb_column][et_pb_column type=\u00a0\u00bb1_2&Prime; _builder_version=\u00a0\u00bb4.23.1&Prime; _module_preset=\u00a0\u00bbdefault\u00a0\u00bb custom_padding_tablet=\u00a0\u00bb40px||||false|false\u00a0\u00bb custom_padding_phone=\u00a0\u00bb20px||||false|false\u00a0\u00bb custom_padding_last_edited=\u00a0\u00bbon|tablet\u00a0\u00bb border_width_all=\u00a0\u00bb6px\u00a0\u00bb border_color_all=\u00a0\u00bb#800000&Prime; global_colors_info=\u00a0\u00bb{}\u00a0\u00bb][et_pb_text _builder_version=\u00a0\u00bb4.23.1&Prime; _module_preset=\u00a0\u00bbf0cf31b9-b2e7-4752-a57c-6e2f73347b36&Prime; text_font=\u00a0\u00bbInter|300|||||||\u00a0\u00bb text_text_color=\u00a0\u00bb#000000&Prime; text_font_size=\u00a0\u00bb17px\u00a0\u00bb text_line_height=\u00a0\u00bb1.8em\u00a0\u00bb custom_padding=\u00a0\u00bb5px|5px|5px|5px|false|false\u00a0\u00bb text_font_size_tablet=\u00a0\u00bb16px\u00a0\u00bb text_font_size_phone=\u00a0\u00bb14px\u00a0\u00bb text_font_size_last_edited=\u00a0\u00bbon|phone\u00a0\u00bb header_font_size_tablet=\u00a0\u00bb55px\u00a0\u00bb header_font_size_last_edited=\u00a0\u00bboff|desktop\u00a0\u00bb border_color_all=\u00a0\u00bb#800000&Prime; global_colors_info=\u00a0\u00bb{}\u00a0\u00bb]<\/p>\n<h3 style=\"text-align: justify;\"><span style=\"color: #000000;\">Je vous propose de nous rencontrer lors des \u00e9v\u00e8nements suivants :\u00a0<\/span><\/h3>\n<p style=\"text-align: justify;\">\n<p>[\/et_pb_text][et_pb_text _builder_version=\u00a0\u00bb4.23.1&Prime; _module_preset=\u00a0\u00bbf0cf31b9-b2e7-4752-a57c-6e2f73347b36&Prime; text_font=\u00a0\u00bbInter|300|||||||\u00a0\u00bb text_text_color=\u00a0\u00bb#000000&Prime; text_font_size=\u00a0\u00bb17px\u00a0\u00bb text_line_height=\u00a0\u00bb1.8em\u00a0\u00bb custom_padding=\u00a0\u00bb5px|5px|5px|5px|false|false\u00a0\u00bb text_font_size_tablet=\u00a0\u00bb16px\u00a0\u00bb text_font_size_phone=\u00a0\u00bb14px\u00a0\u00bb text_font_size_last_edited=\u00a0\u00bbon|phone\u00a0\u00bb header_font_size_tablet=\u00a0\u00bb55px\u00a0\u00bb header_font_size_last_edited=\u00a0\u00bboff|desktop\u00a0\u00bb border_color_all=\u00a0\u00bb#800000&Prime; global_colors_info=\u00a0\u00bb{}\u00a0\u00bb]<\/p>\n<h3 style=\"text-align: justify;\"><span style=\"color: #800000;\">Mercredi 3 avril\u00a0<\/span><\/h3>\n<p style=\"text-align: justify;\">\n<p>Matin\u00e9e d\u00e9dicace, Maison de la presse de Cr\u00e9mieu, 42 Rue de la Grande Halle 38460 Cr\u00e9mieu (jour du march\u00e9).<\/p>\n<p>[\/et_pb_text][et_pb_text _builder_version=\u00a0\u00bb4.24.2&Prime; _module_preset=\u00a0\u00bbf0cf31b9-b2e7-4752-a57c-6e2f73347b36&Prime; text_font=\u00a0\u00bbInter|300|||||||\u00a0\u00bb text_text_color=\u00a0\u00bb#000000&Prime; text_font_size=\u00a0\u00bb17px\u00a0\u00bb text_line_height=\u00a0\u00bb1.8em\u00a0\u00bb custom_padding=\u00a0\u00bb5px|5px|5px|5px|false|false\u00a0\u00bb text_font_size_tablet=\u00a0\u00bb16px\u00a0\u00bb text_font_size_phone=\u00a0\u00bb14px\u00a0\u00bb text_font_size_last_edited=\u00a0\u00bbon|phone\u00a0\u00bb header_font_size_tablet=\u00a0\u00bb55px\u00a0\u00bb header_font_size_last_edited=\u00a0\u00bboff|desktop\u00a0\u00bb border_color_all=\u00a0\u00bb#800000&Prime; global_colors_info=\u00a0\u00bb{}\u00a0\u00bb]<\/p>\n<h3 style=\"text-align: justify;\"><span style=\"color: #800000;\">Jeudi 4 avril\u00a0<\/span><\/h3>\n<p>Apr\u00e8s-midi pr\u00e9sentation\u00a0et d\u00e9dicaces \u00e0 la biblioth\u00e8que de Charvieu-Chavagnieux, Rue de la Plaine<\/p>\n<p>[\/et_pb_text][et_pb_text _builder_version=\u00a0\u00bb4.24.2&Prime; _module_preset=\u00a0\u00bbf0cf31b9-b2e7-4752-a57c-6e2f73347b36&Prime; text_font=\u00a0\u00bbInter|300|||||||\u00a0\u00bb text_text_color=\u00a0\u00bb#000000&Prime; text_font_size=\u00a0\u00bb17px\u00a0\u00bb text_line_height=\u00a0\u00bb1.8em\u00a0\u00bb custom_padding=\u00a0\u00bb5px|5px|5px|5px|false|false\u00a0\u00bb text_font_size_tablet=\u00a0\u00bb16px\u00a0\u00bb text_font_size_phone=\u00a0\u00bb14px\u00a0\u00bb text_font_size_last_edited=\u00a0\u00bbon|phone\u00a0\u00bb header_font_size_tablet=\u00a0\u00bb55px\u00a0\u00bb header_font_size_last_edited=\u00a0\u00bboff|desktop\u00a0\u00bb border_color_all=\u00a0\u00bb#800000&Prime; global_colors_info=\u00a0\u00bb{}\u00a0\u00bb]<\/p>\n<h3 style=\"text-align: justify;\"><span style=\"color: #800000;\">Vendredi 5 avril\u00a0<\/span><\/h3>\n<p>Journ\u00e9e d\u00e9dicace \u00e0 l&rsquo;Espace culturel de TIGNIEU, galerie marchande du C.Leclerc, Rue des Ardennes 38230 Tignieu.<\/p>\n<p>[\/et_pb_text][et_pb_text _builder_version=\u00a0\u00bb4.23.1&Prime; _module_preset=\u00a0\u00bbf0cf31b9-b2e7-4752-a57c-6e2f73347b36&Prime; text_font=\u00a0\u00bbInter|300|||||||\u00a0\u00bb text_text_color=\u00a0\u00bb#000000&Prime; text_font_size=\u00a0\u00bb17px\u00a0\u00bb text_line_height=\u00a0\u00bb1.8em\u00a0\u00bb custom_padding=\u00a0\u00bb10px|5px|5px|5px|false|false\u00a0\u00bb text_font_size_tablet=\u00a0\u00bb16px\u00a0\u00bb text_font_size_phone=\u00a0\u00bb14px\u00a0\u00bb text_font_size_last_edited=\u00a0\u00bbon|phone\u00a0\u00bb header_font_size_tablet=\u00a0\u00bb55px\u00a0\u00bb header_font_size_last_edited=\u00a0\u00bboff|desktop\u00a0\u00bb border_color_all=\u00a0\u00bb#800000&Prime; global_colors_info=\u00a0\u00bb{}\u00a0\u00bb]<\/p>\n<h3 style=\"text-align: justify;\"><span style=\"color: #800000;\">Week-End des 6 et 7 avril\u00a0<\/span><\/h3>\n<p style=\"text-align: justify;\">\n<p>Salon des auteurs \u00e0 Meximieux, de 10 h \u00e0 18 h, Espace Claude Favre de Vaugelas, 3\u00a0 Avenue du docteur Boyer 01800 Meximieux<\/p>\n<p>[\/et_pb_text][et_pb_text _builder_version=\u00a0\u00bb4.24.2&Prime; _module_preset=\u00a0\u00bbf0cf31b9-b2e7-4752-a57c-6e2f73347b36&Prime; text_font=\u00a0\u00bbInter|300|||||||\u00a0\u00bb text_text_color=\u00a0\u00bb#000000&Prime; text_font_size=\u00a0\u00bb17px\u00a0\u00bb text_line_height=\u00a0\u00bb1.8em\u00a0\u00bb custom_padding=\u00a0\u00bb5px|5px|5px|5px|false|false\u00a0\u00bb text_font_size_tablet=\u00a0\u00bb16px\u00a0\u00bb text_font_size_phone=\u00a0\u00bb14px\u00a0\u00bb text_font_size_last_edited=\u00a0\u00bbon|phone\u00a0\u00bb header_font_size_tablet=\u00a0\u00bb55px\u00a0\u00bb header_font_size_last_edited=\u00a0\u00bboff|desktop\u00a0\u00bb border_color_all=\u00a0\u00bb#800000&Prime; global_colors_info=\u00a0\u00bb{}\u00a0\u00bb]<\/p>\n<h3 style=\"text-align: justify;\"><span style=\"color: #800000;\">Dimanche 14 avril\u00a0<\/span><\/h3>\n<p>Jeep day \u00e0 Craponne, Espace Gaston Rebuffat, Rue des Terres Plates<\/p>\n<p>[\/et_pb_text][et_pb_text _builder_version=\u00a0\u00bb4.23.1&Prime; _module_preset=\u00a0\u00bbf0cf31b9-b2e7-4752-a57c-6e2f73347b36&Prime; text_font=\u00a0\u00bbInter|300|||||||\u00a0\u00bb text_text_color=\u00a0\u00bb#000000&Prime; text_font_size=\u00a0\u00bb17px\u00a0\u00bb text_line_height=\u00a0\u00bb1.8em\u00a0\u00bb custom_padding=\u00a0\u00bb10px|5px|5px|5px|false|false\u00a0\u00bb text_font_size_tablet=\u00a0\u00bb16px\u00a0\u00bb text_font_size_phone=\u00a0\u00bb14px\u00a0\u00bb text_font_size_last_edited=\u00a0\u00bbon|phone\u00a0\u00bb header_font_size_tablet=\u00a0\u00bb55px\u00a0\u00bb header_font_size_last_edited=\u00a0\u00bboff|desktop\u00a0\u00bb border_color_all=\u00a0\u00bb#800000&Prime; global_colors_info=\u00a0\u00bb{}\u00a0\u00bb]<\/p>\n<h3 style=\"text-align: justify;\"><span style=\"color: #800000;\">Du 8 au 12 mai\u00a0<\/span><\/h3>\n<p style=\"text-align: justify;\">\n<p>F\u00eate du livre de P\u00e9rouges (cit\u00e9 m\u00e9di\u00e9vale) du 8 au 12 mai inclus\u00a0de 10h \u00e0 18h \u00e0 la Ferme de P\u00e9rouges 99 route de la cit\u00e9<\/p>\n<p>[\/et_pb_text][et_pb_text _builder_version=\u00a0\u00bb4.23.1&Prime; _module_preset=\u00a0\u00bbf0cf31b9-b2e7-4752-a57c-6e2f73347b36&Prime; text_font=\u00a0\u00bbInter|300|||||||\u00a0\u00bb text_text_color=\u00a0\u00bb#000000&Prime; text_font_size=\u00a0\u00bb17px\u00a0\u00bb text_line_height=\u00a0\u00bb1.8em\u00a0\u00bb custom_padding=\u00a0\u00bb10px|5px|5px|5px|false|false\u00a0\u00bb text_font_size_tablet=\u00a0\u00bb16px\u00a0\u00bb text_font_size_phone=\u00a0\u00bb14px\u00a0\u00bb text_font_size_last_edited=\u00a0\u00bbon|phone\u00a0\u00bb header_font_size_tablet=\u00a0\u00bb55px\u00a0\u00bb header_font_size_last_edited=\u00a0\u00bboff|desktop\u00a0\u00bb border_color_all=\u00a0\u00bb#800000&Prime; global_colors_info=\u00a0\u00bb{}\u00a0\u00bb]<\/p>\n<h3 style=\"text-align: justify;\"><span style=\"color: #800000;\">Samedi 25 mai\u00a0<\/span><\/h3>\n<p>Salon du livre de Genas \u00e0 l&rsquo;Ecole primaire Anne Frank Rue Jean Moulin 69740 Genas<\/p>\n<p>[\/et_pb_text][et_pb_text _builder_version=\u00a0\u00bb4.24.2&Prime; _module_preset=\u00a0\u00bbf0cf31b9-b2e7-4752-a57c-6e2f73347b36&Prime; text_font=\u00a0\u00bbInter|300|||||||\u00a0\u00bb text_text_color=\u00a0\u00bb#000000&Prime; text_font_size=\u00a0\u00bb17px\u00a0\u00bb text_line_height=\u00a0\u00bb1.8em\u00a0\u00bb custom_padding=\u00a0\u00bb5px|5px|5px|5px|false|false\u00a0\u00bb text_font_size_tablet=\u00a0\u00bb16px\u00a0\u00bb text_font_size_phone=\u00a0\u00bb14px\u00a0\u00bb text_font_size_last_edited=\u00a0\u00bbon|phone\u00a0\u00bb header_font_size_tablet=\u00a0\u00bb55px\u00a0\u00bb header_font_size_last_edited=\u00a0\u00bboff|desktop\u00a0\u00bb border_color_all=\u00a0\u00bb#800000&Prime; global_colors_info=\u00a0\u00bb{}\u00a0\u00bb]<\/p>\n<h3 style=\"text-align: justify;\"><span style=\"color: #800000;\">Dimanche 13 octobre\u00a0<\/span><\/h3>\n<p>Salon d&rsquo;Attignat en livres (Ain)<\/p>\n<p>[\/et_pb_text][\/et_pb_column][\/et_pb_row][et_pb_row _builder_version=\u00a0\u00bb4.24.2&Prime; _module_preset=\u00a0\u00bbdefault\u00a0\u00bb border_width_all=\u00a0\u00bb6px\u00a0\u00bb border_color_all=\u00a0\u00bb#800000&Prime; locked=\u00a0\u00bboff\u00a0\u00bb global_colors_info=\u00a0\u00bb{}\u00a0\u00bb][et_pb_column type=\u00a0\u00bb4_4&Prime; _builder_version=\u00a0\u00bb4.23&Prime; _module_preset=\u00a0\u00bbdefault\u00a0\u00bb global_colors_info=\u00a0\u00bb{}\u00a0\u00bb][et_pb_text _builder_version=\u00a0\u00bb4.25.1&Prime; _module_preset=\u00a0\u00bb31e3fe0d-2e7d-4384-8004-edb523cff22c\u00a0\u00bb text_font=\u00a0\u00bbInter|300|||||||\u00a0\u00bb text_text_color=\u00a0\u00bb#000000&Prime; text_font_size=\u00a0\u00bb24px\u00a0\u00bb text_line_height=\u00a0\u00bb1.6em\u00a0\u00bb hover_enabled=\u00a0\u00bb0&Prime; text_font_size_tablet=\u00a0\u00bb20px\u00a0\u00bb text_font_size_phone=\u00a0\u00bb16px\u00a0\u00bb text_font_size_last_edited=\u00a0\u00bbon|phone\u00a0\u00bb global_colors_info=\u00a0\u00bb{}\u00a0\u00bb sticky_enabled=\u00a0\u00bb0&Prime;]<\/p>\n<h2 style=\"text-align: center;\"><span style=\"color: #880000;\">Pourquoi \u201cHistoire d&rsquo;un gone\u201d ?<\/span><\/h2>\n<p>[\/et_pb_text][et_pb_text _builder_version=\u00a0\u00bb4.24.2&Prime; _module_preset=\u00a0\u00bbf0cf31b9-b2e7-4752-a57c-6e2f73347b36&Prime; text_font=\u00a0\u00bbInter|300|||||||\u00a0\u00bb text_text_color=\u00a0\u00bb#000000&Prime; text_font_size=\u00a0\u00bb17px\u00a0\u00bb text_line_height=\u00a0\u00bb1.8em\u00a0\u00bb custom_padding=\u00a0\u00bb|4px||4px|false|false\u00a0\u00bb text_font_size_tablet=\u00a0\u00bb16px\u00a0\u00bb text_font_size_phone=\u00a0\u00bb14px\u00a0\u00bb text_font_size_last_edited=\u00a0\u00bbon|phone\u00a0\u00bb header_font_size_tablet=\u00a0\u00bb55px\u00a0\u00bb header_font_size_last_edited=\u00a0\u00bboff|desktop\u00a0\u00bb locked=\u00a0\u00bboff\u00a0\u00bb global_colors_info=\u00a0\u00bb{}\u00a0\u00bb]<\/p>\n<p style=\"text-align: justify;\">\u00a0 \u00a0 \u00a0 Je ne suis pas historien, cependant j&rsquo;ai accompli de nombreuses recherches historiques pour la richesse de l&rsquo;ouvrage. Ce qui permettra de le diff\u00e9rencier de beaucoup d&rsquo;autres et d&rsquo;en faire un atout au sens de son originalit\u00e9. De plus avec ces crit\u00e8res, il rendra la connaissance accessible \u00e0 tous, notamment aux jeunes et moins jeunes, non f\u00e9rus d&rsquo;Histoire mais curieux de d\u00e9couvrir.<\/p>\n<p style=\"text-align: center;\">\n<p>[\/et_pb_text][\/et_pb_column][\/et_pb_row][\/et_pb_section]<\/p>\n","protected":false},"excerpt":{"rendered":"<p>Agenda\u00ab Tout le monde ne t&rsquo;a pas oubli\u00e9\u00a0\u00bb DidierJe vous propose de nous rencontrer lors des \u00e9v\u00e8nements suivants :\u00a0 Mercredi 3 avril\u00a0 Matin\u00e9e d\u00e9dicace, Maison de la presse de Cr\u00e9mieu, 42 Rue de la Grande Halle 38460 Cr\u00e9mieu (jour du march\u00e9).Jeudi 4 avril\u00a0 Apr\u00e8s-midi pr\u00e9sentation\u00a0et d\u00e9dicaces \u00e0 la biblioth\u00e8que de Charvieu-Chavagnieux, Rue de la PlaineVendredi [&hellip;]<\/p>\n","protected":false},"author":1,"featured_media":0,"parent":0,"menu_order":0,"comment_status":"closed","ping_status":"closed","template":"","meta":{"_et_pb_use_builder":"on","_et_pb_old_content":"","_et_gb_content_width":"","footnotes":""},"class_list":["post-300","page","type-page","status-publish","hentry"],"yoast_head":"<!-- This site is optimized with the Yoast SEO plugin v27.6 - https:\/\/yoast.com\/product\/yoast-seo-wordpress\/ -->\n<title>Agenda - Histoire d&#039;un gone<\/title>\n<meta name=\"description\" content=\"Agenda - Histoire d&#039;un gone\" \/>\n<meta name=\"robots\" content=\"index, follow, max-snippet:-1, max-image-preview:large, max-video-preview:-1\" \/>\n<link rel=\"canonical\" href=\"https:\/\/histoire-d-un-gone.com\/?page_id=300\" \/>\n<meta property=\"og:locale\" content=\"fr_FR\" \/>\n<meta property=\"og:type\" content=\"article\" \/>\n<meta property=\"og:title\" content=\"Agenda - Histoire d&#039;un gone\" \/>\n<meta property=\"og:description\" content=\"Agenda - Histoire d&#039;un gone\" \/>\n<meta property=\"og:url\" content=\"https:\/\/histoire-d-un-gone.com\/?page_id=300\" \/>\n<meta property=\"og:site_name\" content=\"Histoire d&#039;un gone\" \/>\n<meta property=\"article:modified_time\" content=\"2024-05-14T08:59:45+00:00\" \/>\n<meta name=\"twitter:card\" content=\"summary_large_image\" \/>\n<script type=\"application\/ld+json\" class=\"yoast-schema-graph\">{\"@context\":\"https:\\\/\\\/schema.org\",\"@graph\":[{\"@type\":\"WebPage\",\"@id\":\"https:\\\/\\\/histoire-d-un-gone.com\\\/?page_id=300\",\"url\":\"https:\\\/\\\/histoire-d-un-gone.com\\\/?page_id=300\",\"name\":\"Agenda - Histoire d&#039;un gone\",\"isPartOf\":{\"@id\":\"https:\\\/\\\/histoire-d-un-gone.com\\\/#website\"},\"datePublished\":\"2023-11-16T15:50:19+00:00\",\"dateModified\":\"2024-05-14T08:59:45+00:00\",\"description\":\"Agenda - Histoire d&#039;un gone\",\"breadcrumb\":{\"@id\":\"https:\\\/\\\/histoire-d-un-gone.com\\\/?page_id=300#breadcrumb\"},\"inLanguage\":\"fr-FR\",\"potentialAction\":[{\"@type\":\"ReadAction\",\"target\":[\"https:\\\/\\\/histoire-d-un-gone.com\\\/?page_id=300\"]}]},{\"@type\":\"BreadcrumbList\",\"@id\":\"https:\\\/\\\/histoire-d-un-gone.com\\\/?page_id=300#breadcrumb\",\"itemListElement\":[{\"@type\":\"ListItem\",\"position\":1,\"name\":\"Accueil\",\"item\":\"https:\\\/\\\/histoire-d-un-gone.com\\\/\"},{\"@type\":\"ListItem\",\"position\":2,\"name\":\"Agenda\"}]},{\"@type\":\"WebSite\",\"@id\":\"https:\\\/\\\/histoire-d-un-gone.com\\\/#website\",\"url\":\"https:\\\/\\\/histoire-d-un-gone.com\\\/\",\"name\":\"Histoire d&#039;un gone\",\"description\":\"Ils sont partis pour nous, la libert\u00e9 et la France\",\"potentialAction\":[{\"@type\":\"SearchAction\",\"target\":{\"@type\":\"EntryPoint\",\"urlTemplate\":\"https:\\\/\\\/histoire-d-un-gone.com\\\/?s={search_term_string}\"},\"query-input\":{\"@type\":\"PropertyValueSpecification\",\"valueRequired\":true,\"valueName\":\"search_term_string\"}}],\"inLanguage\":\"fr-FR\"}]}<\/script>\n<!-- \/ Yoast SEO plugin. -->","yoast_head_json":{"title":"Agenda - Histoire d&#039;un gone","description":"Agenda - Histoire d&#039;un gone","robots":{"index":"index","follow":"follow","max-snippet":"max-snippet:-1","max-image-preview":"max-image-preview:large","max-video-preview":"max-video-preview:-1"},"canonical":"https:\/\/histoire-d-un-gone.com\/?page_id=300","og_locale":"fr_FR","og_type":"article","og_title":"Agenda - Histoire d&#039;un gone","og_description":"Agenda - Histoire d&#039;un gone","og_url":"https:\/\/histoire-d-un-gone.com\/?page_id=300","og_site_name":"Histoire d&#039;un gone","article_modified_time":"2024-05-14T08:59:45+00:00","twitter_card":"summary_large_image","schema":{"@context":"https:\/\/schema.org","@graph":[{"@type":"WebPage","@id":"https:\/\/histoire-d-un-gone.com\/?page_id=300","url":"https:\/\/histoire-d-un-gone.com\/?page_id=300","name":"Agenda - Histoire d&#039;un gone","isPartOf":{"@id":"https:\/\/histoire-d-un-gone.com\/#website"},"datePublished":"2023-11-16T15:50:19+00:00","dateModified":"2024-05-14T08:59:45+00:00","description":"Agenda - Histoire d&#039;un gone","breadcrumb":{"@id":"https:\/\/histoire-d-un-gone.com\/?page_id=300#breadcrumb"},"inLanguage":"fr-FR","potentialAction":[{"@type":"ReadAction","target":["https:\/\/histoire-d-un-gone.com\/?page_id=300"]}]},{"@type":"BreadcrumbList","@id":"https:\/\/histoire-d-un-gone.com\/?page_id=300#breadcrumb","itemListElement":[{"@type":"ListItem","position":1,"name":"Accueil","item":"https:\/\/histoire-d-un-gone.com\/"},{"@type":"ListItem","position":2,"name":"Agenda"}]},{"@type":"WebSite","@id":"https:\/\/histoire-d-un-gone.com\/#website","url":"https:\/\/histoire-d-un-gone.com\/","name":"Histoire d&#039;un gone","description":"Ils sont partis pour nous, la libert\u00e9 et la France","potentialAction":[{"@type":"SearchAction","target":{"@type":"EntryPoint","urlTemplate":"https:\/\/histoire-d-un-gone.com\/?s={search_term_string}"},"query-input":{"@type":"PropertyValueSpecification","valueRequired":true,"valueName":"search_term_string"}}],"inLanguage":"fr-FR"}]}},"jetpack_sharing_enabled":true,"_links":{"self":[{"href":"https:\/\/histoire-d-un-gone.com\/index.php?rest_route=\/wp\/v2\/pages\/300","targetHints":{"allow":["GET"]}}],"collection":[{"href":"https:\/\/histoire-d-un-gone.com\/index.php?rest_route=\/wp\/v2\/pages"}],"about":[{"href":"https:\/\/histoire-d-un-gone.com\/index.php?rest_route=\/wp\/v2\/types\/page"}],"author":[{"embeddable":true,"href":"https:\/\/histoire-d-un-gone.com\/index.php?rest_route=\/wp\/v2\/users\/1"}],"replies":[{"embeddable":true,"href":"https:\/\/histoire-d-un-gone.com\/index.php?rest_route=%2Fwp%2Fv2%2Fcomments&post=300"}],"version-history":[{"count":18,"href":"https:\/\/histoire-d-un-gone.com\/index.php?rest_route=\/wp\/v2\/pages\/300\/revisions"}],"predecessor-version":[{"id":388,"href":"https:\/\/histoire-d-un-gone.com\/index.php?rest_route=\/wp\/v2\/pages\/300\/revisions\/388"}],"wp:attachment":[{"href":"https:\/\/histoire-d-un-gone.com\/index.php?rest_route=%2Fwp%2Fv2%2Fmedia&parent=300"}],"curies":[{"name":"wp","href":"https:\/\/api.w.org\/{rel}","templated":true}]}}