{"id":149,"date":"2023-11-07T07:32:42","date_gmt":"2023-11-07T07:32:42","guid":{"rendered":"https:\/\/histoire-d-un-gone.com\/?page_id=149"},"modified":"2024-03-22T16:32:27","modified_gmt":"2024-03-22T16:32:27","slug":"panier","status":"publish","type":"page","link":"https:\/\/histoire-d-un-gone.com\/?page_id=149","title":{"rendered":"Panier"},"content":{"rendered":"<p>[et_pb_section fb_built=\u00a0\u00bb1&Prime; _builder_version=\u00a0\u00bb4.23.1&Prime; background_color=\u00a0\u00bb#88c4dd\u00a0\u00bb global_colors_info=\u00a0\u00bb{}\u00a0\u00bb][et_pb_row _builder_version=\u00a0\u00bb4.16&Prime; background_size=\u00a0\u00bbinitial\u00a0\u00bb background_position=\u00a0\u00bbtop_left\u00a0\u00bb background_repeat=\u00a0\u00bbrepeat\u00a0\u00bb global_colors_info=\u00a0\u00bb{}\u00a0\u00bb][et_pb_column type=\u00a0\u00bb4_4&Prime; _builder_version=\u00a0\u00bb4.16&Prime; custom_padding=\u00a0\u00bb|||\u00a0\u00bb global_colors_info=\u00a0\u00bb{}\u00a0\u00bb custom_padding__hover=\u00a0\u00bb|||\u00a0\u00bb][et_pb_post_title meta=\u00a0\u00bboff\u00a0\u00bb featured_image=\u00a0\u00bboff\u00a0\u00bb _builder_version=\u00a0\u00bb4.23.1&Prime; title_font=\u00a0\u00bb|700|||||||\u00a0\u00bb title_text_color=\u00a0\u00bb#000000&Prime; title_font_size=\u00a0\u00bb45px\u00a0\u00bb global_colors_info=\u00a0\u00bb{}\u00a0\u00bb][\/et_pb_post_title][et_pb_wc_cart_products show_coupon_code=\u00a0\u00bboff\u00a0\u00bb table_header_background_color=\u00a0\u00bb#88c4dd\u00a0\u00bb _builder_version=\u00a0\u00bb4.23.1&Prime; body_text_color=\u00a0\u00bb#000000&Prime; table_header_font_size=\u00a0\u00bb18px\u00a0\u00bb text_orientation=\u00a0\u00bbleft\u00a0\u00bb custom_padding=\u00a0\u00bb15px|15px|15px|15px|false|false\u00a0\u00bb border_width_all=\u00a0\u00bb6px\u00a0\u00bb border_color_all=\u00a0\u00bb#800000&Prime; border_width_all_table=\u00a0\u00bb0px\u00a0\u00bb box_shadow_style=\u00a0\u00bbpreset6&Prime; global_colors_info=\u00a0\u00bb{}\u00a0\u00bb][\/et_pb_wc_cart_products][\/et_pb_column][\/et_pb_row][et_pb_row column_structure=\u00a0\u00bb1_2,1_2&Prime; _builder_version=\u00a0\u00bb4.23.1&Prime; background_size=\u00a0\u00bbinitial\u00a0\u00bb background_position=\u00a0\u00bbtop_left\u00a0\u00bb background_repeat=\u00a0\u00bbrepeat\u00a0\u00bb global_colors_info=\u00a0\u00bb{}\u00a0\u00bb][et_pb_column type=\u00a0\u00bb1_2&Prime; _builder_version=\u00a0\u00bb4.23.1&Prime; custom_padding=\u00a0\u00bb|||\u00a0\u00bb border_width_all=\u00a0\u00bb6px\u00a0\u00bb border_color_all=\u00a0\u00bb#800000&Prime; global_colors_info=\u00a0\u00bb{}\u00a0\u00bb custom_padding__hover=\u00a0\u00bb|||\u00a0\u00bb][et_pb_text _builder_version=\u00a0\u00bb4.24.2&Prime; _module_preset=\u00a0\u00bbdefault\u00a0\u00bb hover_enabled=\u00a0\u00bb0&Prime; global_colors_info=\u00a0\u00bb{}\u00a0\u00bb sticky_enabled=\u00a0\u00bb0&Prime;]<\/p>\n<h3><strong>Vous serez peut-\u00eatre int\u00e9ress\u00e9s par :<\/strong><\/h3>\n<p>[\/et_pb_text][et_pb_shop posts_number=\u00a0\u00bb5&Prime; columns_number=\u00a0\u00bb3&Prime; _builder_version=\u00a0\u00bb4.23.1&Prime; _module_preset=\u00a0\u00bbdefault\u00a0\u00bb title_text_align=\u00a0\u00bbcenter\u00a0\u00bb price_text_align=\u00a0\u00bbcenter\u00a0\u00bb custom_margin=\u00a0\u00bb15px|15px|15px|15px|false|false\u00a0\u00bb locked=\u00a0\u00bboff\u00a0\u00bb global_colors_info=\u00a0\u00bb{}\u00a0\u00bb][\/et_pb_shop][\/et_pb_column][et_pb_column type=\u00a0\u00bb1_2&Prime; _builder_version=\u00a0\u00bb4.16&Prime; custom_padding=\u00a0\u00bb|||\u00a0\u00bb global_colors_info=\u00a0\u00bb{}\u00a0\u00bb custom_padding__hover=\u00a0\u00bb|||\u00a0\u00bb][et_pb_wc_cart_totals _builder_version=\u00a0\u00bb4.23.1&Prime; title_font=\u00a0\u00bb|700|||||||\u00a0\u00bb title_text_color=\u00a0\u00bb#000000&Prime; column_label_font_size=\u00a0\u00bb16px\u00a0\u00bb body_text_color=\u00a0\u00bb#000000&Prime; link_font=\u00a0\u00bb|700|||||||\u00a0\u00bb link_text_color=\u00a0\u00bb#0C71C3&Prime; custom_button=\u00a0\u00bbon\u00a0\u00bb button_text_size=\u00a0\u00bb22px\u00a0\u00bb button_text_color=\u00a0\u00bb#000000&Prime; button_border_color=\u00a0\u00bb#000000&Prime; button_border_radius=\u00a0\u00bb21px\u00a0\u00bb button_letter_spacing=\u00a0\u00bb3px\u00a0\u00bb button_font=\u00a0\u00bb|700|||||||\u00a0\u00bb text_orientation=\u00a0\u00bbcenter\u00a0\u00bb custom_padding=\u00a0\u00bb15px|15px|15px|15px|false|false\u00a0\u00bb border_width_all=\u00a0\u00bb6px\u00a0\u00bb border_color_all=\u00a0\u00bb#800000&Prime; border_width_all_table=\u00a0\u00bb0px\u00a0\u00bb global_colors_info=\u00a0\u00bb{}\u00a0\u00bb][\/et_pb_wc_cart_totals][\/et_pb_column][\/et_pb_row][\/et_pb_section]<\/p>\n","protected":false},"excerpt":{"rendered":"<p>Vous serez peut-\u00eatre int\u00e9ress\u00e9s par :<\/p>\n","protected":false},"author":1,"featured_media":0,"parent":0,"menu_order":0,"comment_status":"closed","ping_status":"closed","template":"","meta":{"_et_pb_use_builder":"on","_et_pb_old_content":"<!-- wp:shortcode -->[woocommerce_cart]<!-- \/wp:shortcode -->","_et_gb_content_width":"","footnotes":""},"class_list":["post-149","page","type-page","status-publish","hentry"],"yoast_head":"<!-- This site is optimized with the Yoast SEO plugin v27.6 - https:\/\/yoast.com\/product\/yoast-seo-wordpress\/ -->\n<title>Panier - Histoire d&#039;un gone<\/title>\n<meta name=\"description\" content=\"Panier - Histoire d&#039;un gone\" \/>\n<meta name=\"robots\" content=\"index, follow, max-snippet:-1, max-image-preview:large, max-video-preview:-1\" \/>\n<link rel=\"canonical\" href=\"https:\/\/histoire-d-un-gone.com\/?page_id=149\" \/>\n<meta property=\"og:locale\" content=\"fr_FR\" \/>\n<meta property=\"og:type\" content=\"article\" \/>\n<meta property=\"og:title\" content=\"Panier - Histoire d&#039;un gone\" \/>\n<meta property=\"og:description\" content=\"Panier - Histoire d&#039;un gone\" \/>\n<meta property=\"og:url\" content=\"https:\/\/histoire-d-un-gone.com\/?page_id=149\" \/>\n<meta property=\"og:site_name\" content=\"Histoire d&#039;un gone\" \/>\n<meta property=\"article:modified_time\" content=\"2024-03-22T16:32:27+00:00\" \/>\n<meta name=\"twitter:card\" content=\"summary_large_image\" \/>\n<meta name=\"twitter:label1\" content=\"Dur\u00e9e de lecture estim\u00e9e\" \/>\n\t<meta name=\"twitter:data1\" content=\"2 minutes\" \/>\n<script type=\"application\/ld+json\" class=\"yoast-schema-graph\">{\"@context\":\"https:\\\/\\\/schema.org\",\"@graph\":[{\"@type\":\"WebPage\",\"@id\":\"https:\\\/\\\/histoire-d-un-gone.com\\\/?page_id=149\",\"url\":\"https:\\\/\\\/histoire-d-un-gone.com\\\/?page_id=149\",\"name\":\"Panier - Histoire d&#039;un gone\",\"isPartOf\":{\"@id\":\"https:\\\/\\\/histoire-d-un-gone.com\\\/#website\"},\"datePublished\":\"2023-11-07T07:32:42+00:00\",\"dateModified\":\"2024-03-22T16:32:27+00:00\",\"description\":\"Panier - Histoire d&#039;un gone\",\"breadcrumb\":{\"@id\":\"https:\\\/\\\/histoire-d-un-gone.com\\\/?page_id=149#breadcrumb\"},\"inLanguage\":\"fr-FR\",\"potentialAction\":[{\"@type\":\"ReadAction\",\"target\":[\"https:\\\/\\\/histoire-d-un-gone.com\\\/?page_id=149\"]}]},{\"@type\":\"BreadcrumbList\",\"@id\":\"https:\\\/\\\/histoire-d-un-gone.com\\\/?page_id=149#breadcrumb\",\"itemListElement\":[{\"@type\":\"ListItem\",\"position\":1,\"name\":\"Accueil\",\"item\":\"https:\\\/\\\/histoire-d-un-gone.com\\\/\"},{\"@type\":\"ListItem\",\"position\":2,\"name\":\"Panier\"}]},{\"@type\":\"WebSite\",\"@id\":\"https:\\\/\\\/histoire-d-un-gone.com\\\/#website\",\"url\":\"https:\\\/\\\/histoire-d-un-gone.com\\\/\",\"name\":\"Histoire d&#039;un gone\",\"description\":\"Ils sont partis pour nous, la libert\u00e9 et la France\",\"potentialAction\":[{\"@type\":\"SearchAction\",\"target\":{\"@type\":\"EntryPoint\",\"urlTemplate\":\"https:\\\/\\\/histoire-d-un-gone.com\\\/?s={search_term_string}\"},\"query-input\":{\"@type\":\"PropertyValueSpecification\",\"valueRequired\":true,\"valueName\":\"search_term_string\"}}],\"inLanguage\":\"fr-FR\"}]}<\/script>\n<!-- \/ Yoast SEO plugin. -->","yoast_head_json":{"title":"Panier - Histoire d&#039;un gone","description":"Panier - Histoire d&#039;un gone","robots":{"index":"index","follow":"follow","max-snippet":"max-snippet:-1","max-image-preview":"max-image-preview:large","max-video-preview":"max-video-preview:-1"},"canonical":"https:\/\/histoire-d-un-gone.com\/?page_id=149","og_locale":"fr_FR","og_type":"article","og_title":"Panier - Histoire d&#039;un gone","og_description":"Panier - Histoire d&#039;un gone","og_url":"https:\/\/histoire-d-un-gone.com\/?page_id=149","og_site_name":"Histoire d&#039;un gone","article_modified_time":"2024-03-22T16:32:27+00:00","twitter_card":"summary_large_image","twitter_misc":{"Dur\u00e9e de lecture estim\u00e9e":"2 minutes"},"schema":{"@context":"https:\/\/schema.org","@graph":[{"@type":"WebPage","@id":"https:\/\/histoire-d-un-gone.com\/?page_id=149","url":"https:\/\/histoire-d-un-gone.com\/?page_id=149","name":"Panier - Histoire d&#039;un gone","isPartOf":{"@id":"https:\/\/histoire-d-un-gone.com\/#website"},"datePublished":"2023-11-07T07:32:42+00:00","dateModified":"2024-03-22T16:32:27+00:00","description":"Panier - Histoire d&#039;un gone","breadcrumb":{"@id":"https:\/\/histoire-d-un-gone.com\/?page_id=149#breadcrumb"},"inLanguage":"fr-FR","potentialAction":[{"@type":"ReadAction","target":["https:\/\/histoire-d-un-gone.com\/?page_id=149"]}]},{"@type":"BreadcrumbList","@id":"https:\/\/histoire-d-un-gone.com\/?page_id=149#breadcrumb","itemListElement":[{"@type":"ListItem","position":1,"name":"Accueil","item":"https:\/\/histoire-d-un-gone.com\/"},{"@type":"ListItem","position":2,"name":"Panier"}]},{"@type":"WebSite","@id":"https:\/\/histoire-d-un-gone.com\/#website","url":"https:\/\/histoire-d-un-gone.com\/","name":"Histoire d&#039;un gone","description":"Ils sont partis pour nous, la libert\u00e9 et la France","potentialAction":[{"@type":"SearchAction","target":{"@type":"EntryPoint","urlTemplate":"https:\/\/histoire-d-un-gone.com\/?s={search_term_string}"},"query-input":{"@type":"PropertyValueSpecification","valueRequired":true,"valueName":"search_term_string"}}],"inLanguage":"fr-FR"}]}},"jetpack_sharing_enabled":true,"_links":{"self":[{"href":"https:\/\/histoire-d-un-gone.com\/index.php?rest_route=\/wp\/v2\/pages\/149","targetHints":{"allow":["GET"]}}],"collection":[{"href":"https:\/\/histoire-d-un-gone.com\/index.php?rest_route=\/wp\/v2\/pages"}],"about":[{"href":"https:\/\/histoire-d-un-gone.com\/index.php?rest_route=\/wp\/v2\/types\/page"}],"author":[{"embeddable":true,"href":"https:\/\/histoire-d-un-gone.com\/index.php?rest_route=\/wp\/v2\/users\/1"}],"replies":[{"embeddable":true,"href":"https:\/\/histoire-d-un-gone.com\/index.php?rest_route=%2Fwp%2Fv2%2Fcomments&post=149"}],"version-history":[{"count":18,"href":"https:\/\/histoire-d-un-gone.com\/index.php?rest_route=\/wp\/v2\/pages\/149\/revisions"}],"predecessor-version":[{"id":365,"href":"https:\/\/histoire-d-un-gone.com\/index.php?rest_route=\/wp\/v2\/pages\/149\/revisions\/365"}],"wp:attachment":[{"href":"https:\/\/histoire-d-un-gone.com\/index.php?rest_route=%2Fwp%2Fv2%2Fmedia&parent=149"}],"curies":[{"name":"wp","href":"https:\/\/api.w.org\/{rel}","templated":true}]}}