{"id":10,"date":"2023-10-02T17:02:14","date_gmt":"2023-10-02T17:02:14","guid":{"rendered":"https:\/\/histoire-d-un-gone.com\/?page_id=10"},"modified":"2024-03-22T16:40:38","modified_gmt":"2024-03-22T16:40:38","slug":"accueil-histoire-dun-gone-edition-des-deux-lions","status":"publish","type":"page","link":"https:\/\/histoire-d-un-gone.com\/","title":{"rendered":"Accueil"},"content":{"rendered":"<p>[et_pb_section fb_built=\u00a0\u00bb1&Prime; admin_label=\u00a0\u00bbAbout\u00a0\u00bb _builder_version=\u00a0\u00bb4.23&Prime; _module_preset=\u00a0\u00bbdefault\u00a0\u00bb background_color=\u00a0\u00bb#88C4DD\u00a0\u00bb global_colors_info=\u00a0\u00bb{}\u00a0\u00bb][et_pb_row _builder_version=\u00a0\u00bb4.23&Prime; _module_preset=\u00a0\u00bbdefault\u00a0\u00bb global_colors_info=\u00a0\u00bb{}\u00a0\u00bb][et_pb_column type=\u00a0\u00bb4_4&Prime; _builder_version=\u00a0\u00bb4.23&Prime; _module_preset=\u00a0\u00bbdefault\u00a0\u00bb global_colors_info=\u00a0\u00bb{}\u00a0\u00bb][et_pb_text _builder_version=\u00a0\u00bb4.23&Prime; _module_preset=\u00a0\u00bbb53a70bb-9f62-4ee5-b34f-c7a321ddbf6c\u00a0\u00bb text_text_color=\u00a0\u00bb#C5310D\u00a0\u00bb header_font=\u00a0\u00bbInter|300|||||||\u00a0\u00bb header_text_color=\u00a0\u00bb#000000&Prime; header_font_size=\u00a0\u00bb78px\u00a0\u00bb header_line_height=\u00a0\u00bb1.1em\u00a0\u00bb width=\u00a0\u00bb138.7%\u00a0\u00bb custom_margin=\u00a0\u00bb|||-175px||\u00a0\u00bb header_font_size_tablet=\u00a0\u00bb44px\u00a0\u00bb header_font_size_phone=\u00a0\u00bb28px\u00a0\u00bb header_font_size_last_edited=\u00a0\u00bbon|phone\u00a0\u00bb global_colors_info=\u00a0\u00bb{}\u00a0\u00bb]<\/p>\n<h1 style=\"text-align: center;\"><span style=\"color: #000000;\"><em><strong>Histoire d&rsquo;un gone<\/strong><\/em><\/span><\/h1>\n<p>[\/et_pb_text][\/et_pb_column][\/et_pb_row][et_pb_row column_structure=\u00a0\u00bb1_2,1_2&Prime; _builder_version=\u00a0\u00bb4.16&Prime; _module_preset=\u00a0\u00bbdefault\u00a0\u00bb global_colors_info=\u00a0\u00bb{}\u00a0\u00bb][et_pb_column type=\u00a0\u00bb1_2&Prime; _builder_version=\u00a0\u00bb4.16&Prime; _module_preset=\u00a0\u00bbdefault\u00a0\u00bb global_colors_info=\u00a0\u00bb{}\u00a0\u00bb][et_pb_image src=\u00a0\u00bbhttps:\/\/histoire-d-un-gone.com\/wp-content\/uploads\/2023\/11\/Histoire-d-un-gone-couverture-livre.jpg\u00a0\u00bb title_text=\u00a0\u00bbHistoire d-un-gone-couverture-livre\u00a0\u00bb _builder_version=\u00a0\u00bb4.23.1&Prime; _module_preset=\u00a0\u00bbdefault\u00a0\u00bb max_width_tablet=\u00a0\u00bb400px\u00a0\u00bb max_width_phone=\u00a0\u00bb400px\u00a0\u00bb max_width_last_edited=\u00a0\u00bboff|tablet\u00a0\u00bb max_height_tablet=\u00a0\u00bb400px\u00a0\u00bb max_height_phone=\u00a0\u00bb400px\u00a0\u00bb max_height_last_edited=\u00a0\u00bbon|phone\u00a0\u00bb custom_padding=\u00a0\u00bb0px|||||\u00a0\u00bb border_width_all=\u00a0\u00bb6px\u00a0\u00bb border_color_all=\u00a0\u00bb#800000&Prime; box_shadow_style=\u00a0\u00bbpreset2&Prime; box_shadow_horizontal=\u00a0\u00bb10px\u00a0\u00bb box_shadow_vertical=\u00a0\u00bb20px\u00a0\u00bb box_shadow_blur=\u00a0\u00bb50px\u00a0\u00bb box_shadow_color=\u00a0\u00bbrgba(0,0,0,0.2)\u00a0\u00bb locked=\u00a0\u00bboff\u00a0\u00bb global_colors_info=\u00a0\u00bb{}\u00a0\u00bb][\/et_pb_image][et_pb_text _builder_version=\u00a0\u00bb4.23&Prime; _module_preset=\u00a0\u00bb31e3fe0d-2e7d-4384-8004-edb523cff22c\u00a0\u00bb text_font=\u00a0\u00bbInter|300|||||||\u00a0\u00bb text_text_color=\u00a0\u00bb#000000&Prime; text_font_size=\u00a0\u00bb24px\u00a0\u00bb text_line_height=\u00a0\u00bb1.6em\u00a0\u00bb text_font_size_tablet=\u00a0\u00bb20px\u00a0\u00bb text_font_size_phone=\u00a0\u00bb16px\u00a0\u00bb text_font_size_last_edited=\u00a0\u00bbon|phone\u00a0\u00bb global_colors_info=\u00a0\u00bb{}\u00a0\u00bb]<\/p>\n<p style=\"text-align: justify;\">Ce site est d\u00e9di\u00e9 au livre \u00ab\u00a0Histoire d&rsquo;un Gone\u00a0\u00bb que nous vous invitons de d\u00e9couvrir\u00a0 \u00e0 travers ces quelques pages et si l&rsquo;envie est pr\u00e9sente de nous soutenir : n&rsquo;h\u00e9sitez pas \u00e0 en parler autour de vous, il peut aussi faire l&rsquo;objet d&rsquo;un pr\u00e9sent pour votre entourage.<\/p>\n<p>[\/et_pb_text][\/et_pb_column][et_pb_column type=\u00a0\u00bb1_2&Prime; _builder_version=\u00a0\u00bb4.16&Prime; _module_preset=\u00a0\u00bbdefault\u00a0\u00bb custom_padding_tablet=\u00a0\u00bb40px||||false|false\u00a0\u00bb custom_padding_phone=\u00a0\u00bb20px||||false|false\u00a0\u00bb custom_padding_last_edited=\u00a0\u00bbon|tablet\u00a0\u00bb global_colors_info=\u00a0\u00bb{}\u00a0\u00bb][et_pb_text _builder_version=\u00a0\u00bb4.23.1&Prime; _module_preset=\u00a0\u00bbf0cf31b9-b2e7-4752-a57c-6e2f73347b36&Prime; text_font=\u00a0\u00bbInter|300|||||||\u00a0\u00bb text_text_color=\u00a0\u00bb#000000&Prime; text_font_size=\u00a0\u00bb17px\u00a0\u00bb text_line_height=\u00a0\u00bb1.8em\u00a0\u00bb custom_margin=\u00a0\u00bb||||false|false\u00a0\u00bb custom_padding=\u00a0\u00bb2px|4px|2px|4px|false|false\u00a0\u00bb text_font_size_tablet=\u00a0\u00bb16px\u00a0\u00bb text_font_size_phone=\u00a0\u00bb14px\u00a0\u00bb text_font_size_last_edited=\u00a0\u00bbon|phone\u00a0\u00bb header_font_size_tablet=\u00a0\u00bb55px\u00a0\u00bb header_font_size_last_edited=\u00a0\u00bboff|desktop\u00a0\u00bb border_width_all=\u00a0\u00bb6px\u00a0\u00bb border_color_all=\u00a0\u00bb#800000&Prime; global_colors_info=\u00a0\u00bb{}\u00a0\u00bb]<\/p>\n<p style=\"text-align: justify;\">\u00a0 \u00a0 \u00a0 Si vous \u00eates arriv\u00e9s jusque l\u00e0 (sur mon site), cela implique que vous aimez l&rsquo;Histoire, les gones (Lyonnais), la r\u00e9gion, les militaires, les r\u00e9sistants, les h\u00e9ros, l&rsquo;aventure et puis un peu aussi la France !<\/p>\n<p style=\"text-align: justify;\">\u00a0 \u00a0 \u00a0 Mon p\u00e8re d\u00e9c\u00e8de en 2011, avant de partir il me laisse ses notes, sans me donner de consignes particuli\u00e8res \u00e0 ce sujet, ni verbales, ni \u00e9crites. Cependant, dans ce geste fort et symbolique, mais \u00f4 combien important, je per\u00e7ois un signe dans ses yeux, un signe silencieux mais n\u00e9anmoins rempli d&rsquo;esp\u00e9rance, de confiance et de perspective.<\/p>\n<p style=\"text-align: justify;\">\u00a0 \u00a0 \u00a0 Dans l&rsquo;esp\u00e9rance, il y a aussi l&rsquo;amour et dans l&rsquo;amour il y a beaucoup d&rsquo;espoir et d&rsquo;attente. Parmi ce panel de valeurs, j&rsquo;ai aussi la libert\u00e9 de cr\u00e9er ou de choisir la facilit\u00e9 : oublier le m\u00e9moriel. A pr\u00e9sent vous connaissez ma d\u00e9marche.<\/p>\n<p style=\"text-align: justify;\">\u00a0 \u00a0 \u00a0 Je ne transmets pas le pass\u00e9 pour la gloire, pour cela il e\u00fbt fallu que je choisisse un autre projet, mais plut\u00f4t pour rendre hommage \u00e0 mon p\u00e8re et \u00e0 d&rsquo;autres notamment des anonymes de la r\u00e9gion.<\/p>\n<p style=\"text-align: justify;\">\u00a0 \u00a0 \u00a0 Maintenant que tous les v\u00e9t\u00e9rans sont partis ou presque, je pense que les descendants ont un r\u00f4le \u00e0 jouer, ils doivent perp\u00e9tuer le devoir de m\u00e9moire, sans exc\u00e8s. Pourquoi ? Parce que notre pass\u00e9 historique est utile pour le pr\u00e9sent et l&rsquo;avenir.<\/p>\n<p style=\"text-align: justify;\">\u00a0 \u00a0 \u00a0 Chacun le comprendra selon sa capacit\u00e9 visionnaire&#8230;<\/p>\n<p>[\/et_pb_text][et_pb_text _builder_version=\u00a0\u00bb4.24.2&Prime; _module_preset=\u00a0\u00bbdefault\u00a0\u00bb locked=\u00a0\u00bboff\u00a0\u00bb global_colors_info=\u00a0\u00bb{}\u00a0\u00bb]<\/p>\n<h3 style=\"text-align: center;\">\u00ab Nous avons besoin d\u2019hommes capables d\u2019imaginer ce qui n\u2019a jamais exist\u00e9 \u00bb<\/h3>\n<p style=\"text-align: center;\"><em>JFK<\/em><\/p>\n<p>[\/et_pb_text][\/et_pb_column][\/et_pb_row][et_pb_row _builder_version=\u00a0\u00bb4.24.2&Prime; _module_preset=\u00a0\u00bbdefault\u00a0\u00bb border_width_all=\u00a0\u00bb6px\u00a0\u00bb border_color_all=\u00a0\u00bb#800000&Prime; locked=\u00a0\u00bboff\u00a0\u00bb global_colors_info=\u00a0\u00bb{}\u00a0\u00bb][et_pb_column type=\u00a0\u00bb4_4&Prime; _builder_version=\u00a0\u00bb4.23&Prime; _module_preset=\u00a0\u00bbdefault\u00a0\u00bb global_colors_info=\u00a0\u00bb{}\u00a0\u00bb][et_pb_text _builder_version=\u00a0\u00bb4.23.4&Prime; _module_preset=\u00a0\u00bb31e3fe0d-2e7d-4384-8004-edb523cff22c\u00a0\u00bb text_font=\u00a0\u00bbInter|300|||||||\u00a0\u00bb text_text_color=\u00a0\u00bb#000000&Prime; text_font_size=\u00a0\u00bb24px\u00a0\u00bb text_line_height=\u00a0\u00bb1.6em\u00a0\u00bb text_font_size_tablet=\u00a0\u00bb20px\u00a0\u00bb text_font_size_phone=\u00a0\u00bb16px\u00a0\u00bb text_font_size_last_edited=\u00a0\u00bbon|phone\u00a0\u00bb global_colors_info=\u00a0\u00bb{}\u00a0\u00bb]<\/p>\n<h2 style=\"text-align: center;\"><span style=\"color: #880000;\">Pourquoi Ren\u00e9 Jacquin et Didier Jacquin ?<\/span><\/h2>\n<p>[\/et_pb_text][et_pb_text _builder_version=\u00a0\u00bb4.24.2&Prime; _module_preset=\u00a0\u00bbf0cf31b9-b2e7-4752-a57c-6e2f73347b36&Prime; text_font=\u00a0\u00bbInter|300|||||||\u00a0\u00bb text_text_color=\u00a0\u00bb#000000&Prime; text_font_size=\u00a0\u00bb17px\u00a0\u00bb text_line_height=\u00a0\u00bb1.8em\u00a0\u00bb custom_padding=\u00a0\u00bb|4px||4px|false|false\u00a0\u00bb text_font_size_tablet=\u00a0\u00bb16px\u00a0\u00bb text_font_size_phone=\u00a0\u00bb14px\u00a0\u00bb text_font_size_last_edited=\u00a0\u00bbon|phone\u00a0\u00bb header_font_size_tablet=\u00a0\u00bb55px\u00a0\u00bb header_font_size_last_edited=\u00a0\u00bboff|desktop\u00a0\u00bb locked=\u00a0\u00bboff\u00a0\u00bb global_colors_info=\u00a0\u00bb{}\u00a0\u00bb]<\/p>\n<p style=\"text-align: justify;\">\u00a0 \u00a0 \u00a0 C&rsquo;est un livre p\u00e8re et fils, la premi\u00e8re partie est sign\u00e9e par mes soins. J&rsquo;apporte un compl\u00e9ment d&rsquo;histoire \u00e0 la biographie de mon h\u00e9ros, mon p\u00e8re. La seconde guerre mondiale, mais aussi le Bugey, la Maison de Savoie, nos origines familiales bas\u00e9es dans un petit village de l&rsquo;Ain, sans oublier Lyon, viendront parfaire l&rsquo;aventure paternelle. Son t\u00e9moignage relate sa carri\u00e8re militaire, soldat engag\u00e9 d\u00e8s 1937, mais aussi son enfance et son adolescence dans sa ville natale et la r\u00e9gion. C&rsquo;est \u00e0 lui que nous devons ces aventures, puisqu&rsquo;il a l&rsquo;excellente intuition d&rsquo;ouvrir un petit carnet lorsqu&rsquo;il monte au front en 1940. Il prendra des notes r\u00e9guli\u00e8rement pendant la guerre, puis il continuera durant toute sa carri\u00e8re militaire. Je ne manque pas d&rsquo;imaginer que ce journal de bord vous tiendra en haleine jusqu&rsquo;\u00e0 la derni\u00e8re page.<br \/>\u00a0 \u00a0 \u00a0 En ce qui concerne le titre, mon p\u00e8re tenait particuli\u00e8rement au mot \u00a0\u00bbgone\u00a0\u00bb, typiquement lyonnais, il l&rsquo;avait lui-m\u00eame utilis\u00e9 pour d\u00e9finir ses notes.<\/p>\n<p style=\"text-align: center;\">\n<p>[\/et_pb_text][\/et_pb_column][\/et_pb_row][\/et_pb_section]<\/p>\n","protected":false},"excerpt":{"rendered":"<p>Histoire d&rsquo;un goneCe site est d\u00e9di\u00e9 au livre \u00ab\u00a0Histoire d&rsquo;un Gone\u00a0\u00bb que nous vous invitons de d\u00e9couvrir\u00a0 \u00e0 travers ces quelques pages et si l&rsquo;envie est pr\u00e9sente de nous soutenir : n&rsquo;h\u00e9sitez pas \u00e0 en parler autour de vous, il peut aussi faire l&rsquo;objet d&rsquo;un pr\u00e9sent pour votre entourage.\u00a0 \u00a0 \u00a0 Si vous \u00eates arriv\u00e9s [&hellip;]<\/p>\n","protected":false},"author":1,"featured_media":0,"parent":0,"menu_order":0,"comment_status":"closed","ping_status":"closed","template":"","meta":{"_et_pb_use_builder":"on","_et_pb_old_content":"","_et_gb_content_width":"","footnotes":""},"class_list":["post-10","page","type-page","status-publish","hentry"],"yoast_head":"<!-- This site is optimized with the Yoast SEO plugin v27.6 - https:\/\/yoast.com\/product\/yoast-seo-wordpress\/ -->\n<title>Accueil - Histoire d&#039;un gone<\/title>\n<meta name=\"description\" content=\"Histoire d&#039;un gone Ils sont partis pour nous, la libert\u00e9 et la France\" \/>\n<meta name=\"robots\" content=\"index, follow, max-snippet:-1, max-image-preview:large, max-video-preview:-1\" \/>\n<link rel=\"canonical\" href=\"https:\/\/histoire-d-un-gone.com\/\" \/>\n<meta property=\"og:locale\" content=\"fr_FR\" \/>\n<meta property=\"og:type\" content=\"article\" \/>\n<meta property=\"og:title\" content=\"Accueil - Histoire d&#039;un gone\" \/>\n<meta property=\"og:description\" content=\"Histoire d&#039;un gone Ils sont partis pour nous, la libert\u00e9 et la France\" \/>\n<meta property=\"og:url\" content=\"https:\/\/histoire-d-un-gone.com\/\" \/>\n<meta property=\"og:site_name\" content=\"Histoire d&#039;un gone\" \/>\n<meta property=\"article:modified_time\" content=\"2024-03-22T16:40:38+00:00\" \/>\n<meta name=\"twitter:card\" content=\"summary_large_image\" \/>\n<meta name=\"twitter:label1\" content=\"Dur\u00e9e de lecture estim\u00e9e\" \/>\n\t<meta name=\"twitter:data1\" content=\"2 minutes\" \/>\n<script type=\"application\/ld+json\" class=\"yoast-schema-graph\">{\"@context\":\"https:\\\/\\\/schema.org\",\"@graph\":[{\"@type\":\"WebPage\",\"@id\":\"https:\\\/\\\/histoire-d-un-gone.com\\\/\",\"url\":\"https:\\\/\\\/histoire-d-un-gone.com\\\/\",\"name\":\"Accueil - Histoire d&#039;un gone\",\"isPartOf\":{\"@id\":\"https:\\\/\\\/histoire-d-un-gone.com\\\/#website\"},\"datePublished\":\"2023-10-02T17:02:14+00:00\",\"dateModified\":\"2024-03-22T16:40:38+00:00\",\"description\":\"Histoire d&#039;un gone Ils sont partis pour nous, la libert\u00e9 et la France\",\"breadcrumb\":{\"@id\":\"https:\\\/\\\/histoire-d-un-gone.com\\\/#breadcrumb\"},\"inLanguage\":\"fr-FR\",\"potentialAction\":[{\"@type\":\"ReadAction\",\"target\":[\"https:\\\/\\\/histoire-d-un-gone.com\\\/\"]}]},{\"@type\":\"BreadcrumbList\",\"@id\":\"https:\\\/\\\/histoire-d-un-gone.com\\\/#breadcrumb\",\"itemListElement\":[{\"@type\":\"ListItem\",\"position\":1,\"name\":\"Accueil\",\"item\":\"https:\\\/\\\/histoire-d-un-gone.com\\\/\"},{\"@type\":\"ListItem\",\"position\":2,\"name\":\"Accueil\"}]},{\"@type\":\"WebSite\",\"@id\":\"https:\\\/\\\/histoire-d-un-gone.com\\\/#website\",\"url\":\"https:\\\/\\\/histoire-d-un-gone.com\\\/\",\"name\":\"Histoire d&#039;un gone\",\"description\":\"Ils sont partis pour nous, la libert\u00e9 et la France\",\"potentialAction\":[{\"@type\":\"SearchAction\",\"target\":{\"@type\":\"EntryPoint\",\"urlTemplate\":\"https:\\\/\\\/histoire-d-un-gone.com\\\/?s={search_term_string}\"},\"query-input\":{\"@type\":\"PropertyValueSpecification\",\"valueRequired\":true,\"valueName\":\"search_term_string\"}}],\"inLanguage\":\"fr-FR\"}]}<\/script>\n<!-- \/ Yoast SEO plugin. -->","yoast_head_json":{"title":"Accueil - Histoire d&#039;un gone","description":"Histoire d&#039;un gone Ils sont partis pour nous, la libert\u00e9 et la France","robots":{"index":"index","follow":"follow","max-snippet":"max-snippet:-1","max-image-preview":"max-image-preview:large","max-video-preview":"max-video-preview:-1"},"canonical":"https:\/\/histoire-d-un-gone.com\/","og_locale":"fr_FR","og_type":"article","og_title":"Accueil - Histoire d&#039;un gone","og_description":"Histoire d&#039;un gone Ils sont partis pour nous, la libert\u00e9 et la France","og_url":"https:\/\/histoire-d-un-gone.com\/","og_site_name":"Histoire d&#039;un gone","article_modified_time":"2024-03-22T16:40:38+00:00","twitter_card":"summary_large_image","twitter_misc":{"Dur\u00e9e de lecture estim\u00e9e":"2 minutes"},"schema":{"@context":"https:\/\/schema.org","@graph":[{"@type":"WebPage","@id":"https:\/\/histoire-d-un-gone.com\/","url":"https:\/\/histoire-d-un-gone.com\/","name":"Accueil - Histoire d&#039;un gone","isPartOf":{"@id":"https:\/\/histoire-d-un-gone.com\/#website"},"datePublished":"2023-10-02T17:02:14+00:00","dateModified":"2024-03-22T16:40:38+00:00","description":"Histoire d&#039;un gone Ils sont partis pour nous, la libert\u00e9 et la France","breadcrumb":{"@id":"https:\/\/histoire-d-un-gone.com\/#breadcrumb"},"inLanguage":"fr-FR","potentialAction":[{"@type":"ReadAction","target":["https:\/\/histoire-d-un-gone.com\/"]}]},{"@type":"BreadcrumbList","@id":"https:\/\/histoire-d-un-gone.com\/#breadcrumb","itemListElement":[{"@type":"ListItem","position":1,"name":"Accueil","item":"https:\/\/histoire-d-un-gone.com\/"},{"@type":"ListItem","position":2,"name":"Accueil"}]},{"@type":"WebSite","@id":"https:\/\/histoire-d-un-gone.com\/#website","url":"https:\/\/histoire-d-un-gone.com\/","name":"Histoire d&#039;un gone","description":"Ils sont partis pour nous, la libert\u00e9 et la France","potentialAction":[{"@type":"SearchAction","target":{"@type":"EntryPoint","urlTemplate":"https:\/\/histoire-d-un-gone.com\/?s={search_term_string}"},"query-input":{"@type":"PropertyValueSpecification","valueRequired":true,"valueName":"search_term_string"}}],"inLanguage":"fr-FR"}]}},"jetpack_sharing_enabled":true,"_links":{"self":[{"href":"https:\/\/histoire-d-un-gone.com\/index.php?rest_route=\/wp\/v2\/pages\/10","targetHints":{"allow":["GET"]}}],"collection":[{"href":"https:\/\/histoire-d-un-gone.com\/index.php?rest_route=\/wp\/v2\/pages"}],"about":[{"href":"https:\/\/histoire-d-un-gone.com\/index.php?rest_route=\/wp\/v2\/types\/page"}],"author":[{"embeddable":true,"href":"https:\/\/histoire-d-un-gone.com\/index.php?rest_route=\/wp\/v2\/users\/1"}],"replies":[{"embeddable":true,"href":"https:\/\/histoire-d-un-gone.com\/index.php?rest_route=%2Fwp%2Fv2%2Fcomments&post=10"}],"version-history":[{"count":37,"href":"https:\/\/histoire-d-un-gone.com\/index.php?rest_route=\/wp\/v2\/pages\/10\/revisions"}],"predecessor-version":[{"id":371,"href":"https:\/\/histoire-d-un-gone.com\/index.php?rest_route=\/wp\/v2\/pages\/10\/revisions\/371"}],"wp:attachment":[{"href":"https:\/\/histoire-d-un-gone.com\/index.php?rest_route=%2Fwp%2Fv2%2Fmedia&parent=10"}],"curies":[{"name":"wp","href":"https:\/\/api.w.org\/{rel}","templated":true}]}}